{"id":1065,"date":"2018-07-02T20:02:32","date_gmt":"2018-07-02T23:02:32","guid":{"rendered":"https:\/\/isfd810-chu.infd.edu.ar\/sitio\/profesorado-de-educacion-fisica\/"},"modified":"2023-11-07T13:11:29","modified_gmt":"2023-11-07T16:11:29","slug":"profesorado-de-educacion-fisica","status":"publish","type":"page","link":"https:\/\/isfd810-chu.infd.edu.ar\/sitio\/profesorado-de-educacion-fisica\/","title":{"rendered":"Profesorado de Educaci\u00f3n F\u00edsica"},"content":{"rendered":"<p><span style=\"font-family: verdana, geneva; font-size: 12pt; color: #000080;\"><strong>Denominaci\u00f3n de la Carrera<\/strong><\/span><\/p>\n<p><span style=\"font-family: verdana, geneva; font-size: 10pt; color: #333399;\">Profesorado de Educaci\u00f3n F\u00edsica<\/span><\/p>\n<p style=\"text-align: justify;\"><span style=\"font-family: verdana, geneva; font-size: 10pt;\">\u201cLa formaci\u00f3n docente tiene la finalidad de preparar profesionales capaces de ense\u00f1ar, generar y transmitir los conocimientos y valores necesarios para la formaci\u00f3n integral de las personas, el desarrollo nacional y la construcci\u00f3n de una sociedad m\u00e1s justa. Promover\u00e1 la construcci\u00f3n de una identidad docente basada en la autonom\u00eda profesional, el v\u00ednculo con la cultura y la sociedad contempor\u00e1nea, el trabajo en equipo, el compromiso con la igualdad y la confianza en las posibilidades de aprendizaje de los\/as alumnos\/as\u201d. Ley de Educaci\u00f3n Nacional.<\/span><\/p>\n<p><span style=\"font-family: verdana, geneva; font-size: 12pt; color: #003366;\"><strong>\u00a0<\/strong><\/span><\/p>\n<p><span style=\"font-family: verdana, geneva; font-size: 12pt; color: #000080;\"><strong>T\u00edtulo que otorga<\/strong><\/span><\/p>\n<p><span style=\"font-family: verdana, geneva; font-size: 10pt; color: #333399;\">Profesor\/a de Educaci\u00f3n F\u00edsica<\/span><\/p>\n<p><span style=\"font-family: verdana, geneva; font-size: 10pt;\">Los t\u00edtulos emitidos por la instituci\u00f3n formadora cuentan con una norma de aprobaci\u00f3n provincial y con una resoluci\u00f3n que les otorga validez nacional\u00a0 (art\u00edculo N\u00aa 73 de la Ley de Educaci\u00f3n Nacional).<\/span><\/p>\n<p><span style=\"font-family: verdana, geneva; font-size: 12pt; color: #000080;\"><strong>\u00a0<\/strong><\/span><\/p>\n<p><span style=\"font-family: verdana, geneva; font-size: 12pt; color: #000080;\"><strong>\u00c1mbito de desempe\u00f1o<\/strong><\/span><\/p>\n<p style=\"text-align: justify;\"><span style=\"font-family: verdana, geneva; font-size: 10pt;\">El t\u00edtulo de profesor\/a de Educaci\u00f3n F\u00edsica habilita para el ejercicio profesional en las diferentes modalidades y niveles del sistema educativo y para el desempe\u00f1o en \u00e1mbitos no formales.<\/span><\/p>\n<p><span style=\"font-family: verdana, geneva; font-size: 12pt; color: #000080;\"><strong>\u00a0<\/strong><\/span><\/p>\n<p><span style=\"font-family: verdana, geneva; font-size: 12pt; color: #000080;\"><strong>Duraci\u00f3n<\/strong><\/span><\/p>\n<p style=\"text-align: justify;\"><span style=\"font-family: verdana, geneva; font-size: 10pt;\">La Ley de Educaci\u00f3n Nacional\u00a0 y a\u00a0 la Resoluci\u00f3n N\u00ba 24\/07, establecen\u00a0 para la carrera de\u00a0 la formaci\u00f3n docente en Educaci\u00f3n F\u00edsica, una duraci\u00f3n de 4 a\u00f1os.<\/span><\/p>\n<p><span style=\"font-family: verdana, geneva; font-size: 12pt; color: #000080;\"><strong>\u00a0<\/strong><\/span><\/p>\n<p><span style=\"font-family: verdana, geneva; font-size: 12pt; color: #000080;\"><strong>Condiciones de ingreso<\/strong><\/span><\/p>\n<p style=\"text-align: justify;\"><span style=\"font-family: verdana, geneva; font-size: 10pt;\">El ingreso es irrestricto (sin examen de ingreso) para quienes cumplimenten la preinscripci\u00f3n y la documentaci\u00f3n solicitada.<\/span><\/p>\n<p style=\"text-align: justify;\"><span style=\"font-family: verdana, geneva; font-size: 10pt;\">Aquel alumno que adeude materias del nivel secundario se inscribir\u00e1 en car\u00e1cter condicional hasta que obtenga el t\u00edtulo (plazo m\u00e1ximo 31 de octubre 2024)<\/span><\/p>\n<p style=\"text-align: justify;\"><strong><span style=\"font-family: verdana, geneva; font-size: 12pt; color: #000080;\">Perfil Profesional\u00a0<\/span><\/strong><\/p>\n<p style=\"text-align: justify;\"><span style=\"font-family: verdana, geneva; font-size: 10pt;\">La propuesta curricular se orienta formar un docente con el siguiente perfil: <\/span><\/p>\n<p style=\"text-align: justify;\"><span style=\"font-family: verdana, geneva; font-size: 10pt;\">Capacitado para desempe\u00f1arse en instituciones educativas y comunitarias; reflexivo, cr\u00edtico y aut\u00f3nomo en sus intervenciones; con una s\u00f3lida preparaci\u00f3n acad\u00e9mica para elaborar propuestas de trabajo, que le posibiliten ense\u00f1ar atendiendo a las posibilidades, necesidades y realidades socio culturales, de los sujetos destinatarios, promoviendo la disponibilidad corporal y motriz de \u00e9stos, desde el compromiso \u00e9tico y pol\u00edtico de enlazarlos con la cultura, y contribuyendo de esta manera, en la consolidaci\u00f3n de una sociedad m\u00e1s integrada y democr\u00e1tica. As\u00ed tambi\u00e9n preparado para el trabajo en equipo, valorando el intercambio y confrontaci\u00f3n de esquemas referenciales con colegas, enriqueciendo su propia perspectiva profesional y dispuesto a capacitarse permanentemente como modo de poder jerarquizar su tarea y responder a los desaf\u00edos de una sociedad compleja y cambiante.<\/span><\/p>\n","protected":false},"excerpt":{"rendered":"<p>Denominaci\u00f3n de la Carrera Profesorado de Educaci\u00f3n F\u00edsica \u201cLa formaci\u00f3n docente tiene la finalidad de preparar profesionales capaces de ense\u00f1ar, generar y transmitir los conocimientos y valores necesarios para la formaci\u00f3n integral de las personas, el desarrollo nacional y la construcci\u00f3n de una sociedad m\u00e1s justa. Promover\u00e1 la construcci\u00f3n de una identidad docente basada en &#8230; <a title=\"Profesorado de Educaci\u00f3n F\u00edsica\" class=\"read-more\" href=\"https:\/\/isfd810-chu.infd.edu.ar\/sitio\/profesorado-de-educacion-fisica\/\" aria-label=\"More on Profesorado de Educaci\u00f3n F\u00edsica\">[+]<\/a><\/p>\n","protected":false},"author":1283,"featured_media":0,"parent":0,"menu_order":0,"comment_status":"closed","ping_status":"closed","template":"","meta":[],"acf":[],"_links":{"self":[{"href":"https:\/\/isfd810-chu.infd.edu.ar\/sitio\/wp-json\/wp\/v2\/pages\/1065"}],"collection":[{"href":"https:\/\/isfd810-chu.infd.edu.ar\/sitio\/wp-json\/wp\/v2\/pages"}],"about":[{"href":"https:\/\/isfd810-chu.infd.edu.ar\/sitio\/wp-json\/wp\/v2\/types\/page"}],"author":[{"embeddable":true,"href":"https:\/\/isfd810-chu.infd.edu.ar\/sitio\/wp-json\/wp\/v2\/users\/1283"}],"replies":[{"embeddable":true,"href":"https:\/\/isfd810-chu.infd.edu.ar\/sitio\/wp-json\/wp\/v2\/comments?post=1065"}],"version-history":[{"count":6,"href":"https:\/\/isfd810-chu.infd.edu.ar\/sitio\/wp-json\/wp\/v2\/pages\/1065\/revisions"}],"predecessor-version":[{"id":2977,"href":"https:\/\/isfd810-chu.infd.edu.ar\/sitio\/wp-json\/wp\/v2\/pages\/1065\/revisions\/2977"}],"wp:attachment":[{"href":"https:\/\/isfd810-chu.infd.edu.ar\/sitio\/wp-json\/wp\/v2\/media?parent=1065"}],"curies":[{"name":"wp","href":"https:\/\/api.w.org\/{rel}","templated":true}]}}