{"id":1076,"date":"2018-07-02T20:02:37","date_gmt":"2018-07-02T23:02:37","guid":{"rendered":"https:\/\/isfd810-chu.infd.edu.ar\/sitio\/contacto-2\/"},"modified":"2022-12-02T11:10:48","modified_gmt":"2022-12-02T14:10:48","slug":"contacto-2","status":"publish","type":"page","link":"https:\/\/isfd810-chu.infd.edu.ar\/sitio\/contacto-2\/","title":{"rendered":"Contacto"},"content":{"rendered":"\n<p><strong>Direcci\u00f3n: <\/strong>Avda. L\u00e1ngara y G. Cox Barrio General Mosconi &#8211; (9005) Comodoro Rivadavia<\/p>\n\n\n\n<p><strong>Tel\u00e9fono:<\/strong> (0297) 4550729 \/ 4550430<\/p>\n\n\n\n<p><strong>Correo electr\u00f3nico:<\/strong> <a href=\"mailto:isfd810@educ.ar\">isfd810@educ.ar<\/a><\/p>\n\n\n\n<p><strong>Ubicaci\u00f3n<\/strong><\/p>\n\n\n\n<iframe src=\"https:\/\/www.google.com\/maps\/embed?pb=!1m14!1m8!1m3!1d347.48677360945!2d-67.4795616!3d-45.8334006!3m2!1i1024!2i768!4f13.1!3m3!1m2!1s0x0%3A0xd1a80bb8dca40eda!2sISFD%20810!5e0!3m2!1ses-419!2sar!4v1631630716264!5m2!1ses-419!2sar\" width=\"600\" height=\"450\" style=\"border:0;\" allowfullscreen=\"\" loading=\"lazy\"><\/iframe>\n\n\n<p>\u00a0<\/p>\n<p><strong>Transporte p\u00fablico de pasajeros<\/strong><\/p>\n<p><strong><br \/><\/strong>Las siguientes\u00a0l\u00edneas de transporte p\u00fablico de pasajeros (Empresa Patagonia Argentina) los pueden acercar a la sede del Instituto:<\/p>\n<p>\u2013 L\u00ednea 4 \u00abA\u00bb \u2013 Saavedra<\/p>\n<p>\u2013 L\u00ednea 5 \u2013 Universidad<\/p>\n<p>\u2013 L\u00ednea 7 \u2013 Laprida<\/p>\n<p>\u2013 L\u00ednea 8 (Standard \u2013 Palazzo)<\/p>\n<p>\u2013 L\u00ednea 13<\/p>\n<p>\u00a0<\/p>\n<p>Algunas de las paradas c\u00e9ntricas se ubican en:<\/p>\n<p>\u2013 Calle Espa\u00f1a (entre Avda. Rivadavia y San Mart\u00edn)<\/p>\n<p>\u2013 Calle San Mart\u00edn (frente a Supermercados La An\u00f3nima)<\/p>\n<p>\u00a0<\/p>\n<p>Los usuarios deben descender en la Avda. Tehuelches (centro Comercial Km. 3).<\/p>","protected":false},"excerpt":{"rendered":"<p>Direcci\u00f3n: Avda. L\u00e1ngara y G. Cox Barrio General Mosconi &#8211; (9005) Comodoro Rivadavia Tel\u00e9fono: (0297) 4550729 \/ 4550430 Correo electr\u00f3nico: isfd810@educ.ar Ubicaci\u00f3n \u00a0 Transporte p\u00fablico de pasajeros Las siguientes\u00a0l\u00edneas de transporte p\u00fablico de pasajeros (Empresa Patagonia Argentina) los pueden acercar a la sede del Instituto: \u2013 L\u00ednea 4 \u00abA\u00bb \u2013 Saavedra \u2013 L\u00ednea 5 \u2013 &#8230; <a title=\"Contacto\" class=\"read-more\" href=\"https:\/\/isfd810-chu.infd.edu.ar\/sitio\/contacto-2\/\" aria-label=\"More on Contacto\">[+]<\/a><\/p>\n","protected":false},"author":1283,"featured_media":0,"parent":0,"menu_order":0,"comment_status":"closed","ping_status":"closed","template":"","meta":[],"acf":[],"_links":{"self":[{"href":"https:\/\/isfd810-chu.infd.edu.ar\/sitio\/wp-json\/wp\/v2\/pages\/1076"}],"collection":[{"href":"https:\/\/isfd810-chu.infd.edu.ar\/sitio\/wp-json\/wp\/v2\/pages"}],"about":[{"href":"https:\/\/isfd810-chu.infd.edu.ar\/sitio\/wp-json\/wp\/v2\/types\/page"}],"author":[{"embeddable":true,"href":"https:\/\/isfd810-chu.infd.edu.ar\/sitio\/wp-json\/wp\/v2\/users\/1283"}],"replies":[{"embeddable":true,"href":"https:\/\/isfd810-chu.infd.edu.ar\/sitio\/wp-json\/wp\/v2\/comments?post=1076"}],"version-history":[{"count":9,"href":"https:\/\/isfd810-chu.infd.edu.ar\/sitio\/wp-json\/wp\/v2\/pages\/1076\/revisions"}],"predecessor-version":[{"id":2699,"href":"https:\/\/isfd810-chu.infd.edu.ar\/sitio\/wp-json\/wp\/v2\/pages\/1076\/revisions\/2699"}],"wp:attachment":[{"href":"https:\/\/isfd810-chu.infd.edu.ar\/sitio\/wp-json\/wp\/v2\/media?parent=1076"}],"curies":[{"name":"wp","href":"https:\/\/api.w.org\/{rel}","templated":true}]}}