{"id":1079,"date":"2018-07-02T20:02:38","date_gmt":"2018-07-02T23:02:38","guid":{"rendered":"https:\/\/isfd810-chu.infd.edu.ar\/sitio\/becas\/"},"modified":"2019-12-03T11:06:32","modified_gmt":"2019-12-03T14:06:32","slug":"becas","status":"publish","type":"page","link":"https:\/\/isfd810-chu.infd.edu.ar\/sitio\/becas\/","title":{"rendered":"Becas"},"content":{"rendered":"<p><strong>MINISTERIO DE\u00a0<\/strong><b>EDUCACI\u00d3N<\/b><\/p>\n<p><strong>PROVINCIA DEL CHUBUT<\/strong><\/p>\n<p><b>SUBSECRETARIA DE POL\u00cdTICA, GESTI\u00d3N\u00a0Y EVALUACI\u00d3N\u00a0EDUCATIVA<\/b><\/p>\n<p><strong>\u00a0<\/strong><\/p>\n<p><strong>DIRECCI\u00d3N DE BECAS Y POL\u00cdTICAS COMPENSATORIAS<\/strong><\/p>\n<p><strong>\u00a0<\/strong><\/p>\n<p><strong>COMIENZA PER\u00cdODO DE INSCRIPCI\u00d3N <\/strong><\/p>\n<p><strong>BECAS PROVINCIALES 2020<\/strong><\/p>\n<p><strong>\u00a0<\/strong><\/p>\n<p><strong>\u00a002 DE DICIEMBRE\u00a0 2019\u00a0 &#8211; 20 de MARZO 2020<\/strong><\/p>\n<p><strong>\u00a0<\/strong><\/p>\n<p>Se comunica a los estudiantes ingresantes y cursantes interesados en postularse a la Beca de Nivel Universitario y\/o Terciario del Ministerio de Educaci\u00f3n de Chubut\u00a0 que \u00a0se iniciaron\u00a0 \u00a0las inscripciones \u00a0desde el 02 de Diciembre 2019 al 20 de Marzo\u00a0 2020.<\/p>\n<p>Para \u00a0mayor informaci\u00f3n pueden ingresar a la P\u00e1gina Web del Ministerio de Educaci\u00f3n de la Provincia de Chubut &#8211; Direcci\u00f3n de Becas y Pol\u00edticas Compensatorias: \u00a0<a href=\"http:\/\/www.chubut.edu.ar\/becas\/\">http:\/\/www.chubut.edu.ar\/becas\/<\/a><\/p>\n<p>Por consultas pueden comunicarse al tel\u00e9fono: (0280) 4483256\u00a0o al \u00a0e-mail: <a href=\"mailto:becaschubutme@gmail.com\">becaschubutme@gmail.com<\/a><\/p>\n<p>La documentaci\u00f3n puede enviarse directamente a la Direcci\u00f3n de Becas y Pol\u00edticas Compensatorias &#x25aa; Bernardo Vacchina 230 &#x25aa; CP (9103) &#x25aa; Rawson<\/p>\n<p>En nuestro Instituto pueden comunicarse\u00a0 con la Prof. Nadia Avila y Prof. Gabriela Budzynski v\u00eda el Aula Virtual ALUMNOS\/BIENVENIDOS del \u00a0ISFD \u00a0N\u00b0 810.<\/p>\n<p>&nbsp;<\/p>\n<p>&nbsp;<\/p>\n","protected":false},"excerpt":{"rendered":"<p>MINISTERIO DE\u00a0EDUCACI\u00d3N PROVINCIA DEL CHUBUT SUBSECRETARIA DE POL\u00cdTICA, GESTI\u00d3N\u00a0Y EVALUACI\u00d3N\u00a0EDUCATIVA \u00a0 DIRECCI\u00d3N DE BECAS Y POL\u00cdTICAS COMPENSATORIAS \u00a0 COMIENZA PER\u00cdODO DE INSCRIPCI\u00d3N BECAS PROVINCIALES 2020 \u00a0 \u00a002 DE DICIEMBRE\u00a0 2019\u00a0 &#8211; 20 de MARZO 2020 \u00a0 Se comunica a los estudiantes ingresantes y cursantes interesados en postularse a la Beca de Nivel Universitario y\/o Terciario &#8230; <a title=\"Becas\" class=\"read-more\" href=\"https:\/\/isfd810-chu.infd.edu.ar\/sitio\/becas\/\" aria-label=\"More on Becas\">[+]<\/a><\/p>\n","protected":false},"author":1283,"featured_media":0,"parent":0,"menu_order":0,"comment_status":"closed","ping_status":"closed","template":"","meta":[],"acf":[],"_links":{"self":[{"href":"https:\/\/isfd810-chu.infd.edu.ar\/sitio\/wp-json\/wp\/v2\/pages\/1079"}],"collection":[{"href":"https:\/\/isfd810-chu.infd.edu.ar\/sitio\/wp-json\/wp\/v2\/pages"}],"about":[{"href":"https:\/\/isfd810-chu.infd.edu.ar\/sitio\/wp-json\/wp\/v2\/types\/page"}],"author":[{"embeddable":true,"href":"https:\/\/isfd810-chu.infd.edu.ar\/sitio\/wp-json\/wp\/v2\/users\/1283"}],"replies":[{"embeddable":true,"href":"https:\/\/isfd810-chu.infd.edu.ar\/sitio\/wp-json\/wp\/v2\/comments?post=1079"}],"version-history":[{"count":6,"href":"https:\/\/isfd810-chu.infd.edu.ar\/sitio\/wp-json\/wp\/v2\/pages\/1079\/revisions"}],"predecessor-version":[{"id":1839,"href":"https:\/\/isfd810-chu.infd.edu.ar\/sitio\/wp-json\/wp\/v2\/pages\/1079\/revisions\/1839"}],"wp:attachment":[{"href":"https:\/\/isfd810-chu.infd.edu.ar\/sitio\/wp-json\/wp\/v2\/media?parent=1079"}],"curies":[{"name":"wp","href":"https:\/\/api.w.org\/{rel}","templated":true}]}}