{"id":1112,"date":"2018-07-02T20:02:54","date_gmt":"2018-07-02T23:02:54","guid":{"rendered":"https:\/\/isfd810-chu.infd.edu.ar\/sitio\/mesas-de-examen\/"},"modified":"2026-03-04T09:46:10","modified_gmt":"2026-03-04T12:46:10","slug":"mesas-de-examen","status":"publish","type":"page","link":"https:\/\/isfd810-chu.infd.edu.ar\/sitio\/mesas-de-examen\/","title":{"rendered":"Mesas de examen"},"content":{"rendered":"\n<pre id=\"block-0fe5182c-54ed-4ed2-8b76-d792e690afee\" class=\"wp-block-preformatted\"><strong>PROF. EDUCACI\u00d3N F\u00cdSICA&nbsp;- MESAS DE EX\u00c1MENES FEBRERO 2026&nbsp;- PLAN 234\/15 y 325\/22<\/strong><\/pre>\n\n\n\n<figure class=\"wp-block-table is-style-stripes\"><table><tbody><tr><td><strong>Fecha<\/strong><\/td><td><strong>Hora<\/strong><\/td><td><strong>Materia<\/strong><\/td><td><strong>Plan<\/strong><\/td><td><strong>A\u00f1o<\/strong><\/td><td><strong>Lugar<\/strong><\/td><td colspan=\"3\"><strong>Docentes<\/strong><\/td><td><strong>Suplente<\/strong><\/td><\/tr><tr><td>Mi\u00e9rcoles 25\/02<\/td><td>09.00<\/td><td>Biolog\u00eda Humana<\/td><td>325\/22<\/td><td>1\u00b0<\/td><td>Aula 3<\/td><td>Ninkovic<\/td><td>Galle Vargas<\/td><td>&nbsp;<\/td><td>Vera<\/td><\/tr><tr><td>Mi\u00e9rcoles 25\/02<\/td><td>11.00<\/td><td>Pr\u00e1cticas Ludomotrices<\/td><td>325\/22<\/td><td>1\u00b0<\/td><td>Aula 2<\/td><td>Perez E.&nbsp;<\/td><td>Raillan<\/td><td>&nbsp;<\/td><td>Olea<\/td><\/tr><tr><td>Mi\u00e9rcoles 25\/02<\/td><td>13.30<\/td><td>Lectura y Escritura Acad\u00e9mica<\/td><td>325\/22<\/td><td>1\u00b0<\/td><td>Aula 3<\/td><td>Evans<\/td><td>Aleman<\/td><td>&nbsp;<\/td><td>Mobilia<\/td><\/tr><tr><td>Jueves 26\/02<\/td><td>08.00<\/td><td>Educaci\u00f3n Sexual Integral<\/td><td>325\/22<\/td><td>2\u00b0<\/td><td>Aula 1<\/td><td>Budnik<\/td><td>Vivot<\/td><td>De Sousa<\/td><td>Poblet<\/td><\/tr><tr><td>Jueves 26\/02<\/td><td>08.30<\/td><td>Did\u00e1ctica General<\/td><td>325\/22<\/td><td>1\u00b0<\/td><td>Aula 3<\/td><td>Zu\u00f1iga<\/td><td>Diaz<\/td><td>&nbsp;<\/td><td>Budnik<\/td><\/tr><tr><td>Jueves 26\/02<\/td><td>09.30<\/td><td>Educaci\u00f3n Digital<\/td><td>325\/22<\/td><td>2\u00b0<\/td><td>Aula 1<\/td><td>Parolin<\/td><td>Marin<\/td><td>&nbsp;<\/td><td>Vivot<\/td><\/tr><tr><td>Jueves 26\/02<\/td><td>10.30<\/td><td>Pr\u00e1ctica Profesional Docente I<\/td><td>325\/22<\/td><td>1\u00b0<\/td><td>Aula 3<\/td><td>De Sousa<\/td><td>Poblet<\/td><td>&nbsp;<\/td><td>Tritto<\/td><\/tr><tr><td>Jueves 26\/02<\/td><td>12.00<\/td><td>Psicolog\u00eda Educacional<\/td><td>325\/22<\/td><td>1\u00b0<\/td><td>Aula 3<\/td><td>Ergas<\/td><td>Gimenez<\/td><td>&nbsp;<\/td><td>Perez E.<\/td><\/tr><tr><td>Jueves 26\/02<\/td><td>14.00<\/td><td>Cultura de la Infancia y Aprendizaje<\/td><td>325\/22<\/td><td>2\u00b0<\/td><td>Aula 1<\/td><td>Budnik<\/td><td>Areste<\/td><td>Zu\u00f1iga<\/td><td>Ergas<\/td><\/tr><tr><td>Viernes 27\/02<\/td><td>08.00<\/td><td>PS Voley<\/td><td>325\/22<\/td><td>1\u00b0<\/td><td>Huergo<\/td><td>Tritto<\/td><td>\u00c1vila<\/td><td>&nbsp;<\/td><td>Fagnani<\/td><\/tr><tr><td>Viernes 27\/02<\/td><td>09.30<\/td><td>Pedagog\u00eda<\/td><td>325\/22<\/td><td>1\u00b0<\/td><td>Aula 3<\/td><td>Zu\u00f1iga<\/td><td>Schaumann<\/td><td>&nbsp;<\/td><td>Labriola<\/td><\/tr><tr><td>Viernes 27\/02<\/td><td>13.00<\/td><td>Did\u00e1ctica de la EF en la infancia<\/td><td>325\/22<\/td><td>2\u00b0<\/td><td>Aula 2<\/td><td>Rodriguez<\/td><td>Villagran&nbsp;<\/td><td>Fagnani<\/td><td>Raillan<\/td><\/tr><tr><td>Viernes 27\/02<\/td><td>13.30<\/td><td>Educaci\u00f3n F\u00edsica Inclusiva<\/td><td>325\/22<\/td><td>1\u00b0<\/td><td>Aula 3<\/td><td>Galvez<\/td><td>Wilensky<\/td><td>&nbsp;<\/td><td>Segura<\/td><\/tr><tr><td>Lunes 2\/03<\/td><td>08.30<\/td><td>PP Gimnasia<\/td><td>325\/22<\/td><td>1\u00b0<\/td><td>Federaci\u00f3n<\/td><td>Nahuel<\/td><td>Frias<\/td><td>&nbsp;<\/td><td>De Sousa<\/td><\/tr><tr><td>Lunes 2\/03<\/td><td>09.30<\/td><td>Biolog\u00eda Celular<\/td><td>325\/22<\/td><td>2\u00b0<\/td><td>Aula 3<\/td><td>Pazos<\/td><td>Ninkovic<\/td><td>&nbsp;<\/td><td>Stefanini<\/td><\/tr><tr><td>Lunes 2\/03<\/td><td>10.30<\/td><td>Taller de Integraci\u00f3n I<\/td><td>325\/22<\/td><td>1\u00b0<\/td><td>Aula 1<\/td><td>Perez E.<\/td><td>Ergas<\/td><td>&nbsp;<\/td><td>Baigorria<\/td><\/tr><tr><td>Lunes 2\/03<\/td><td>11.30<\/td><td>Pr\u00e1ctica Profesional II<\/td><td>325\/22<\/td><td>2\u00b0<\/td><td>Aula 2<\/td><td>Rocha<\/td><td>Baigorria<\/td><td>Vera<\/td><td>Ninkovic<\/td><\/tr><tr><td>Lunes 2\/03<\/td><td>12.00<\/td><td>Historia y Pol\u00edtica de la Educ. Arg.<\/td><td>325\/22<\/td><td>2\u00b0<\/td><td>Aula 3<\/td><td>Poblet<\/td><td>Vidal<\/td><td>&nbsp;<\/td><td>Mayorga<\/td><\/tr><tr><td>Lunes 2\/03<\/td><td>15.00<\/td><td>Programas y Proyectos<\/td><td>234\/15<\/td><td>4\u00b0<\/td><td>Aula 2<\/td><td>Parolin<\/td><td>Gimenez<\/td><td>&nbsp;<\/td><td>Iannolo<\/td><\/tr><tr><td>Martes 3\/03<\/td><td>7.45<\/td><td>PS Basquet<\/td><td>325\/22<\/td><td>1\u00b0<\/td><td>Federaci\u00f3n<\/td><td>It<\/td><td>Labriola<\/td><td>&nbsp;<\/td><td>De Angelis<\/td><\/tr><tr><td>Martes 3\/03<\/td><td>08.00<\/td><td>Cultura de las Adolescencias<\/td><td>325\/22<\/td><td>3\u00b0<\/td><td>Aula 3<\/td><td>Caceres<\/td><td>Schaumann<\/td><td>&nbsp;<\/td><td>Da Luz Pereira<\/td><\/tr><tr><td>Martes 3\/03<\/td><td>09.00<\/td><td>PP Atletismo<\/td><td>325\/22<\/td><td>1\u00b0<\/td><td>Pista Km 4<\/td><td>Caffaro<\/td><td>Perez R.<\/td><td>&nbsp;<\/td><td>De Sousa<\/td><\/tr><tr><td>Martes 3\/03<\/td><td>10.00<\/td><td>Fisiolog\u00eda de las PC<\/td><td>325\/22<\/td><td>3\u00b0<\/td><td>Aula 3<\/td><td>Pazos&nbsp;<\/td><td>Ninkovic<\/td><td>&nbsp;<\/td><td>Pastrana<\/td><\/tr><tr><td>Martes 3\/03<\/td><td>10.00<\/td><td>Fisiolog\u00eda de las PC<\/td><td>234\/15<\/td><td>3\u00b0<\/td><td>Aula 3<\/td><td>Pazos&nbsp;<\/td><td>Ninkovic<\/td><td>&nbsp;<\/td><td>Pastrana<\/td><\/tr><tr><td>Martes 3\/03<\/td><td>10.30<\/td><td>PS Handball<\/td><td>325\/22<\/td><td>1\u00b0<\/td><td>Huergo &#8211; Tenis<\/td><td>Barrera<\/td><td>Oriolo<\/td><td>&nbsp;<\/td><td>Ronconi<\/td><\/tr><tr><td>Martes 3\/03<\/td><td>10.00<\/td><td>DPS Basquet<\/td><td>325\/22<\/td><td>2\u00b0<\/td><td>Federaci\u00f3n<\/td><td>De Angelis<\/td><td>Labriola<\/td><td>&nbsp;<\/td><td>It<\/td><\/tr><tr><td>Mi\u00e9rcoles 4\/03<\/td><td>08.00<\/td><td>DPS Voley<\/td><td>325\/22<\/td><td>2\u00b0<\/td><td>Huergo<\/td><td>Tanquia<\/td><td>Carrizo<\/td><td>&nbsp;<\/td><td>Raillan<\/td><\/tr><tr><td>Mi\u00e9rcoles 4\/03<\/td><td>09.00<\/td><td>PC Entrenamiento<\/td><td>325\/22<\/td><td>4\u00b0<\/td><td>Aula 3<\/td><td>Da Luz Pereira<\/td><td>Perez E.<\/td><td>&nbsp;<\/td><td>Echeverr\u00eda<\/td><\/tr><tr><td>Mi\u00e9rcoles 4\/03<\/td><td>09.00<\/td><td>PC Entrenamiento<\/td><td>234\/15<\/td><td>4\u00b0<\/td><td>Aula 3<\/td><td>Da Luz Pereira<\/td><td>Perez E.<\/td><td>&nbsp;<\/td><td>Echeverr\u00eda<\/td><\/tr><tr><td>Mi\u00e9rcoles 4\/03<\/td><td>09.30<\/td><td>Did. de la EF en las Adolescencias<\/td><td>325\/22<\/td><td>3\u00b0<\/td><td>Aula 1<\/td><td>Rivas<\/td><td>Vivot<\/td><td>&nbsp;<\/td><td>Rocha<\/td><\/tr><tr><td>Mi\u00e9rcoles 4\/03<\/td><td>10.00<\/td><td>DPP Atletismo<\/td><td>325\/22<\/td><td>2\u00b0<\/td><td>Pista Km 4<\/td><td>Villarreal<\/td><td>Perez R.<\/td><td>&nbsp;<\/td><td>Caffaro<\/td><\/tr><tr><td>Mi\u00e9rcoles 4\/03<\/td><td>13.00<\/td><td>Sociolog\u00eda de la Educaci\u00f3n<\/td><td>325\/22<\/td><td>3\u00b0<\/td><td>Aula 2<\/td><td>Baigorria<\/td><td>Zu\u00f1iga<\/td><td>&nbsp;<\/td><td>Aleman<\/td><\/tr><tr><td>Jueves 5\/03<\/td><td>08.00<\/td><td>PC Expresivo Comunicativas<\/td><td>325\/22<\/td><td>1\u00b0<\/td><td>Aula 1<\/td><td>Mena<\/td><td>Gimenez<\/td><td>&nbsp;<\/td><td>Rodriguez<\/td><\/tr><tr><td>Jueves 5\/03<\/td><td>10.00<\/td><td>PP Nataci\u00f3n<\/td><td>325\/22<\/td><td>1\u00b0<\/td><td>Huergo<\/td><td>Gurisich<\/td><td>Barrionuevo<\/td><td>Rocha<\/td><td>Tritto<\/td><\/tr><tr><td>Jueves 5\/03<\/td><td>10.30<\/td><td>Filosof\u00eda de la Educaci\u00f3n<\/td><td>325\/22<\/td><td>3\u00b0<\/td><td>Aula 3<\/td><td>Dal Ronco<\/td><td>Fagnani<\/td><td>&nbsp;<\/td><td>Vivot<\/td><\/tr><tr><td>Jueves 5\/03<\/td><td>13.00<\/td><td>Taller de Integraci\u00f3n II<\/td><td>325\/22<\/td><td>2\u00b0<\/td><td>Aula 3<\/td><td>Wilensky<\/td><td>Pastrana<\/td><td>&nbsp;<\/td><td>Evans<\/td><\/tr><tr><td>Jueves 5\/03<\/td><td>13.30<\/td><td>Derechos Humanos y Ciudadan\u00eda<\/td><td>325\/22<\/td><td>3\u00b0<\/td><td>Aula 2<\/td><td>Ergas<\/td><td>Baigorria<\/td><td>&nbsp;<\/td><td>Parolin<\/td><\/tr><tr><td>Viernes 6\/03<\/td><td>08.00<\/td><td>DPP Gimnasia<\/td><td>325\/22<\/td><td>2\u00b0<\/td><td>Federaci\u00f3n<\/td><td>Serer<\/td><td>Fagnani<\/td><td>&nbsp;<\/td><td>Leiva<\/td><\/tr><tr><td>Viernes 6\/03<\/td><td>10.00<\/td><td>DPP Nataci\u00f3n<\/td><td>325\/22<\/td><td>3\u00b0<\/td><td>Huergo<\/td><td>Barrionuevo<\/td><td>Gurisich<\/td><td>&nbsp;<\/td><td>\u00c1vila<\/td><\/tr><tr><td>Viernes 6\/03<\/td><td>11.00<\/td><td>DPS Handball<\/td><td>325\/22<\/td><td>2\u00b0<\/td><td>Huergo<\/td><td>Barrera<\/td><td>Oriolo<\/td><td>&nbsp;<\/td><td>Rodriguez<\/td><\/tr><tr><td>Viernes 6\/03<\/td><td>12.30<\/td><td>PC Salud<\/td><td>325\/22<\/td><td>4\u00b0<\/td><td>Aula 3<\/td><td>Ninkovic<\/td><td>Villagran&nbsp;<\/td><td>&nbsp;<\/td><td>Barrionuevo<\/td><\/tr><tr><td>Viernes 6\/03<\/td><td>12.30<\/td><td>PC Salud<\/td><td>234\/15<\/td><td>4\u00b0<\/td><td>Aula 3<\/td><td>Ninkovic<\/td><td>Villagran&nbsp;<\/td><td>&nbsp;<\/td><td>Barrionuevo<\/td><\/tr><tr><td>Viernes 6\/03<\/td><td>13.00<\/td><td>DPP Gimnasias Alternativas<\/td><td>325\/22<\/td><td>3\u00b0<\/td><td>Aula 1<\/td><td>Segura<\/td><td>Caceres<\/td><td>&nbsp;<\/td><td>Serer<\/td><\/tr><tr><td>Viernes 6\/03<\/td><td>14.00<\/td><td>DPS Futbol<\/td><td>325\/22<\/td><td>3\u00b0<\/td><td>Aula 2<\/td><td>Raillan<\/td><td>Iannolo<\/td><td>&nbsp;<\/td><td>Barrera<\/td><\/tr><tr><td>Viernes 6\/03<\/td><td>15.00<\/td><td>UDI &#8211; Animaci\u00f3n y Recreaci\u00f3n<\/td><td>325\/22<\/td><td>4\u00b0<\/td><td>Aula 3<\/td><td>Fagnani<\/td><td>Iannolo<\/td><td>&nbsp;<\/td><td>Raillan<\/td><\/tr><tr><td>Lunes 9\/03<\/td><td>08.30<\/td><td>DPS Deportes Alternativos<\/td><td>325\/25<\/td><td>3\u00b0<\/td><td>Aula 3<\/td><td>De Sousa<\/td><td>Stefanini<\/td><td>&nbsp;<\/td><td>Frias<\/td><\/tr><tr><td>Lunes 9\/03<\/td><td>12.00<\/td><td>Legislaci\u00f3n<\/td><td>234\/15<\/td><td>4\u00b0<\/td><td>Aula 1<\/td><td>Villagran<\/td><td>Ergas<\/td><td>&nbsp;<\/td><td>Perez E.<\/td><\/tr><tr><td>Lunes 9\/03<\/td><td>13.00<\/td><td>DPS Hockey<\/td><td>325\/22<\/td><td>3\u00b0<\/td><td>Aula 3<\/td><td>Ninkovic<\/td><td>Marquez<\/td><td>&nbsp;<\/td><td>Vidal<\/td><\/tr><tr><td>Lunes 9\/03<\/td><td>13.00<\/td><td>DPS Rugby<\/td><td>325\/22<\/td><td>3\u00b0<\/td><td>Aula 3<\/td><td>Vidal<\/td><td>Mayorga<\/td><td>&nbsp;<\/td><td>Marquez<\/td><\/tr><tr><td>Martes 10\/03<\/td><td>08.30<\/td><td>Historia y Epistemolog\u00eda de la EF<\/td><td>325\/22<\/td><td>3\u00b0<\/td><td>Aula 3<\/td><td>Parolin<\/td><td>Poblet<\/td><td>&nbsp;<\/td><td>De Angelis<\/td><\/tr><tr><td>Martes 10\/03<\/td><td>10.00<\/td><td>Investigaci\u00f3n Educativa<\/td><td>325\/22<\/td><td>3\u00b0<\/td><td>Aula 3<\/td><td>Aramburu<\/td><td>Ronconi<\/td><td>&nbsp;<\/td><td>Barrera<\/td><\/tr><tr><td>Martes 10\/03<\/td><td>12.30<\/td><td>EF en Personas Adultas y Adultos Mayores<\/td><td>325\/22<\/td><td>4\u00b0<\/td><td>Aula 2<\/td><td>Schauman<\/td><td>C\u00e1ceres<\/td><td>&nbsp;<\/td><td>Pazos<\/td><\/tr><tr><td>Martes 10\/03<\/td><td>13.00<\/td><td>Taller de Integraci\u00f3n III<\/td><td>325\/22<\/td><td>3\u00b0<\/td><td>Aula 3<\/td><td>Augustaci<\/td><td>Perez E.<\/td><td>&nbsp;<\/td><td>Oriolo<\/td><\/tr><tr><td>Mi\u00e9rcoles 11\/03<\/td><td>09.00<\/td><td>Taller de Integraci\u00f3n IV<\/td><td>325\/22<\/td><td>4\u00b0<\/td><td>Aula 3<\/td><td>Schauman<\/td><td>Wilensky<\/td><td>&nbsp;<\/td><td>Villarreal<\/td><\/tr><tr><td>Mi\u00e9rcoles 11\/03<\/td><td>11.30<\/td><td>Did. De las Pr\u00e1cticas en Ambientes Naturales<\/td><td>234\/15<\/td><td>4\u00b0<\/td><td>Aula 3<\/td><td>De Sousa<\/td><td>Tritto<\/td><td>&nbsp;<\/td><td>Olea<\/td><\/tr><tr><td>Mi\u00e9rcoles 11\/03<\/td><td>11.30&nbsp;<\/td><td>Did. De las Pr\u00e1cticas en Ambientes Naturales<\/td><td>325\/22<\/td><td>4\u00b0<\/td><td>Aula 3<\/td><td>De Sousa<\/td><td>Tritto<\/td><td>&nbsp;<\/td><td>Olea<\/td><\/tr><\/tbody><\/table><\/figure>\n\n\n\n<pre id=\"block-55e581d2-9944-443a-969a-a7b5664d27bc\" class=\"wp-block-preformatted\"><strong>T.S. ENTRENAMIENTO DEPORTIVO -&nbsp;MESAS DE EX\u00c1MENES FEBRERO 2026 - PLAN 90\/15 y 330\/23<\/strong><\/pre>\n\n\n\n<figure class=\"wp-block-table is-style-stripes\"><table><tbody><tr><td>\n<p><strong>Fecha<\/strong><\/p>\n<\/td><td>\n<p><strong>Hora<\/strong><\/p>\n<\/td><td>\n<p><strong>A\u00f1o<\/strong><\/p>\n<\/td><td>\n<p><strong>Unidad Curricular<\/strong><\/p>\n<\/td><td>\n<p><strong>Plan<\/strong><\/p>\n<\/td><td>\n<p><strong>Tribunal<\/strong><\/p>\n<\/td><td>\n<p><strong>Suplentes<\/strong><\/p>\n<\/td><\/tr><tr><td> <p>mi\u00e9rcoles 25 de febrero<\/p> <\/td><td>\n<p>18:00hs<\/p>\n<\/td><td>\n<p>1\u00b0<\/p>\n<\/td><td>\n<p>Anatom\u00eda y Biomec\u00e1nica<\/p>\n<\/td><td>\n<p>330-23<\/p>\n<\/td><td>\n<p>Ben\u00edtez &#8211; Errazu<\/p>\n<\/td><td>\n<p>P\u00e9rez, R.<\/p>\n<\/td><\/tr><tr><td> <p>mi\u00e9rcoles 25 de febrero<\/p> <\/td><td>\n<p>20:00 hs<\/p>\n<\/td><td>\n<p>2\u00b0<\/p>\n<\/td><td>\n<p>Evaluaci\u00f3n de la Actividad f\u00edsica<\/p>\n<\/td><td>\n<p>330-23<\/p>\n<\/td><td>\n<p>P\u00e9rez, R. &#8211; Ben\u00edtez<\/p>\n<\/td><td>\n<p>C\u00e1ceres<\/p>\n<\/td><\/tr><tr><td> <p>mi\u00e9rcoles 25 de febrero<\/p> <\/td><td>\n<p>20:00 hs<\/p>\n<\/td><td>\n<p>2\u00b0<\/p>\n<\/td><td>\n<p>Ingl\u00e9s T\u00e9cnico<\/p>\n<\/td><td>\n<p>330-23<\/p>\n<\/td><td>\n<p>Trapes &#8211; \u00c1valos<\/p>\n<\/td><td>\n<p>C\u00e1ceres<\/p>\n<\/td><\/tr><tr><td> <p>mi\u00e9rcoles 25 de febrero<\/p> <\/td><td>\n<p>20:00 hs<\/p>\n<\/td><td>\n<p>1\u00b0<\/p>\n<\/td><td>\n<p>Pr\u00e1ctica Profesional I<\/p>\n<\/td><td>\n<p>330-23<\/p>\n<\/td><td>\n<p>Parol\u00edn &#8211; Togel<\/p>\n<\/td><td>\n<p>C\u00e1ceres<\/p>\n<\/td><\/tr><tr><td> <p>jueves 26 de febrero<\/p> <\/td><td>\n<p>18:00 hs<\/p>\n<\/td><td>\n<p>3\u00b0<\/p>\n<\/td><td>\n<p>Programas y proyectos deportivos<\/p>\n<\/td><td>\n<p>330-23<\/p>\n<\/td><td>\n<p>Parol\u00edn &#8211; Maldonado<\/p>\n<\/td><td>\n<p>Zuazo<\/p>\n<\/td><\/tr><tr><td> <p>jueves 26 de febrero<\/p> <\/td><td>\n<p>20:00 hs<\/p>\n<\/td><td>\n<p>1\u00b0<\/p>\n<\/td><td>\n<p>Nutrici\u00f3n Deportiva<\/p>\n<\/td><td>\n<p>330-23<\/p>\n<\/td><td>\n<p>Gennari &#8211; Ben\u00edtez<\/p>\n<\/td><td>\n<p>Zuazo<\/p>\n<\/td><\/tr><tr><td> <p>jueves 26 de febrero<\/p> <\/td><td>\n<p>20:00 hs<\/p>\n<\/td><td>\n<p>1\u00b0<\/p>\n<\/td><td>\n<p>Fisiolog\u00eda Aplicada I<\/p>\n<\/td><td>\n<p>330-23<\/p>\n<\/td><td>\n<p>Togel &#8211; Da Luz<\/p>\n<\/td><td>\n<p>Zuazo<\/p>\n<\/td><\/tr><tr><td> <p>viernes 27 de febrero<\/p> <\/td><td>\n<p>20:00 hs<\/p>\n<\/td><td>\n<p>2\u00b0<\/p>\n<\/td><td>\n<p>Pr\u00e1ctica Profesional II<\/p>\n<\/td><td>\n<p>330-23<\/p>\n<\/td><td>\n<p>Parol\u00edn &#8211; Simunovic<\/p>\n<\/td><td>\n<p>Maldonado<\/p>\n<\/td><\/tr><tr><td> <p>lunes 2 de marzo<\/p> <\/td><td>\n<p>18:00 hs<\/p>\n<\/td><td>\n<p>1\u00b0<\/p>\n<\/td><td>\n<p>Lectura, escritura y oralidad<\/p>\n<\/td><td>\n<p>330-23<\/p>\n<\/td><td>\n<p>Evans- \u00c1valos<\/p>\n<\/td><td>\n<p>Villagr\u00e1n<\/p>\n<\/td><\/tr><tr><td> <p>lunes 2 de marzo<\/p> <\/td><td>\n<p>18:00 hs<\/p>\n<\/td><td>\n<p>3\u00b0<\/p>\n<\/td><td>\n<p>Pr\u00e1ctica Profesional III<\/p>\n<\/td><td>\n<p>90-15<\/p>\n<\/td><td>\n<p>Parol\u00edn &#8211; Maldonado<\/p>\n<\/td><td>\n<p>Simunovic<\/p>\n<\/td><\/tr><tr><td> <p>lunes 2 de marzo<\/p> <\/td><td>\n<p>18:00 hs<\/p>\n<\/td><td>\n<p>3\u00b0<\/p>\n<\/td><td>\n<p>Practica Profesional III<\/p>\n<\/td><td>\n<p>330-23<\/p>\n<\/td><td>\n<p>Parol\u00edn &#8211; Maldonado<\/p>\n<\/td><td>\n<p>Simunovic<\/p>\n<\/td><\/tr><tr><td> <p>lunes 2 de marzo<\/p> <\/td><td>\n<p>20:00 hs<\/p>\n<\/td><td>\n<p>1\u00b0<\/p>\n<\/td><td>\n<p>Entrenamiento I<\/p>\n<\/td><td>\n<p>330-23<\/p>\n<\/td><td>\n<p>Togel &#8211; Da Luz<\/p>\n<\/td><td>\n<p>Villagr\u00e1n<\/p>\n<\/td><\/tr><tr><td> <p>martes 3 de marzo<\/p> <\/td><td>\n<p>18:00 hs<\/p>\n<\/td><td>\n<p>2\u00b0<\/p>\n<\/td><td>\n<p>Entrenamiento II<\/p>\n<\/td><td>\n<p>330-23<\/p>\n<\/td><td>\n<p>Togel &#8211; Da Luz<\/p>\n<\/td><td>\n<p>Ben\u00edtez<\/p>\n<\/td><\/tr><tr><td> <p>martes 3 de marzo<\/p> <\/td><td>\n<p>20:00 hs<\/p>\n<\/td><td>\n<p>1\u00b0<\/p>\n<\/td><td>\n<p>Introducci\u00f3n a las pr\u00e1cticas deport.<\/p>\n<\/td><td>\n<p>330-23<\/p>\n<\/td><td>\n<p>Da Luz &#8211; Togel<\/p>\n<\/td><td>\n<p>P\u00e9rez, R.<\/p>\n<\/td><\/tr><tr><td> <p>mi\u00e9rcoles 4 de marzo<\/p> <\/td><td>\n<p>20:00 hs<\/p>\n<\/td><td>\n<p>3\u00b0<\/p>\n<\/td><td>\n<p>Entrenamiento III<\/p>\n<\/td><td>\n<p>330-23<\/p>\n<\/td><td>\n<p>Da Luz &#8211; P\u00e9rez R.<\/p>\n<\/td><td>\n<p>Villagr\u00e1n<\/p>\n<\/td><\/tr><\/tbody><\/table><\/figure>\n\n\n\n<p><\/p>\n\n\n\n<pre class=\"wp-block-code\"><code><strong><mark style=\"background-color:rgba(0, 0, 0, 0)\" class=\"has-inline-color has-contrast-color\">T.S. PSICOMOTRICIDAD -&nbsp;MESAS DE EX\u00c1MENES DICIEMBRE 2025 - PLAN 235\/25<\/mark><\/strong><\/code><\/pre>\n","protected":false},"excerpt":{"rendered":"<p>PROF. EDUCACI\u00d3N F\u00cdSICA&nbsp;&#8211; MESAS DE EX\u00c1MENES FEBRERO 2026&nbsp;&#8211; PLAN 234\/15 y 325\/22 Fecha Hora Materia Plan A\u00f1o Lugar Docentes Suplente Mi\u00e9rcoles 25\/02 09.00 Biolog\u00eda Humana 325\/22 1\u00b0 Aula 3 Ninkovic Galle Vargas &nbsp; Vera Mi\u00e9rcoles 25\/02 11.00 Pr\u00e1cticas Ludomotrices 325\/22 1\u00b0 Aula 2 Perez E.&nbsp; Raillan &nbsp; Olea Mi\u00e9rcoles 25\/02 13.30 Lectura y Escritura Acad\u00e9mica &#8230; <a title=\"Mesas de examen\" class=\"read-more\" href=\"https:\/\/isfd810-chu.infd.edu.ar\/sitio\/mesas-de-examen\/\" aria-label=\"More on Mesas de examen\">[+]<\/a><\/p>\n","protected":false},"author":1283,"featured_media":0,"parent":0,"menu_order":0,"comment_status":"closed","ping_status":"closed","template":"","meta":[],"acf":[],"_links":{"self":[{"href":"https:\/\/isfd810-chu.infd.edu.ar\/sitio\/wp-json\/wp\/v2\/pages\/1112"}],"collection":[{"href":"https:\/\/isfd810-chu.infd.edu.ar\/sitio\/wp-json\/wp\/v2\/pages"}],"about":[{"href":"https:\/\/isfd810-chu.infd.edu.ar\/sitio\/wp-json\/wp\/v2\/types\/page"}],"author":[{"embeddable":true,"href":"https:\/\/isfd810-chu.infd.edu.ar\/sitio\/wp-json\/wp\/v2\/users\/1283"}],"replies":[{"embeddable":true,"href":"https:\/\/isfd810-chu.infd.edu.ar\/sitio\/wp-json\/wp\/v2\/comments?post=1112"}],"version-history":[{"count":229,"href":"https:\/\/isfd810-chu.infd.edu.ar\/sitio\/wp-json\/wp\/v2\/pages\/1112\/revisions"}],"predecessor-version":[{"id":4008,"href":"https:\/\/isfd810-chu.infd.edu.ar\/sitio\/wp-json\/wp\/v2\/pages\/1112\/revisions\/4008"}],"wp:attachment":[{"href":"https:\/\/isfd810-chu.infd.edu.ar\/sitio\/wp-json\/wp\/v2\/media?parent=1112"}],"curies":[{"name":"wp","href":"https:\/\/api.w.org\/{rel}","templated":true}]}}