{"id":1153,"date":"2018-07-02T20:03:15","date_gmt":"2018-07-02T23:03:15","guid":{"rendered":"https:\/\/isfd810-chu.infd.edu.ar\/sitio\/licencias\/"},"modified":"2026-03-19T08:26:02","modified_gmt":"2026-03-19T11:26:02","slug":"licencias","status":"publish","type":"page","link":"https:\/\/isfd810-chu.infd.edu.ar\/sitio\/licencias\/","title":{"rendered":"Licencias \/ Formularios"},"content":{"rendered":"\n<p><\/p>\n\n\n\n<p>REGIMEN DE LICENCIAS <\/p>\n\n\n\n<div class=\"wp-block-file\"><a id=\"wp-block-file--media-534b9ec1-f869-4fd1-8653-501c1a260af0\" href=\"https:\/\/isfd810-chu.infd.edu.ar\/sitio\/wp-content\/uploads\/2022\/05\/18-Regimen-de-Licencias.pdf\">R\u00e9gimen licencias docente<\/a><a href=\"https:\/\/isfd810-chu.infd.edu.ar\/sitio\/wp-content\/uploads\/2022\/05\/18-Regimen-de-Licencias.pdf\" class=\"wp-block-file__button wp-element-button\" download aria-describedby=\"wp-block-file--media-534b9ec1-f869-4fd1-8653-501c1a260af0\">Descarga<\/a><\/div>\n\n\n\n<div class=\"wp-block-file\"><a id=\"wp-block-file--media-bb21d0a5-8bea-4a2e-b6fa-acdf0c8ec098\" href=\"https:\/\/isfd810-chu.infd.edu.ar\/sitio\/wp-content\/uploads\/2022\/05\/19.-Auxiliares.pdf\">R\u00e9gimen de licencias auxiliares de la educaci\u00f3n<\/a><a href=\"https:\/\/isfd810-chu.infd.edu.ar\/sitio\/wp-content\/uploads\/2022\/05\/19.-Auxiliares.pdf\" class=\"wp-block-file__button wp-element-button\" download aria-describedby=\"wp-block-file--media-bb21d0a5-8bea-4a2e-b6fa-acdf0c8ec098\">Descarga<\/a><\/div>\n\n\n<p><a href=\"https:\/\/isfd810-chu.infd.edu.ar\/sitio\/wp-content\/uploads\/2024\/08\/circular_5-24.jpeg\">Circular 05\/24 &#8211; S\/ Recordatorio procedimiento licencias m\u00e9dicas (Click para descargar)<\/a><\/p>\n<p><\/p>\n<p><strong>LINK de ACCESO A LOS FORMULARIOS OFICIALES&nbsp;<\/strong><\/p>\n<p><a href=\"https:\/\/chubut.edu.ar\/formularios\/\">https:\/\/chubut.edu.ar\/formularios\/<\/a><\/p>\n<p><\/p>\n<p><span style=\"font-family: verdana, geneva; font-size: 10pt;\"><strong>FORMULARIO DE LICENCIA <\/strong><a href=\"https:\/\/isfd810-chu.infd.edu.ar\/sitio\/wp-content\/uploads\/2024\/10\/formulario-licencia-blanco.doc\">click&nbsp;aqu\u00ed&nbsp;<\/a>para descargar&nbsp;<\/span><\/p>\n<p><span style=\"font-family: verdana, geneva; font-size: 10pt;\"><strong>FORMULARIO HISTORIA CLINICA: <\/strong>&nbsp;<a title=\"https:\/\/isfd810-chu.infd.edu.ar\/aula\/archivos\/repositorio\/\/500\/633\/Historia_Clinica.pdf\" href=\"https:\/\/isfd810-chu.infd.edu.ar\/sitio\/wp-content\/uploads\/2024\/09\/historia_clinica.pdf\" target=\"_NEW\" rel=\"noopener\">click&nbsp;aqu\u00ed&nbsp;<\/a>para descargar&nbsp;<\/span><\/p>\n<p><span style=\"font-family: verdana, geneva; font-size: 10pt;\"><strong>FORMULARIO HISTORIA CLINICA ATENCI\u00d3N DE FAMILIAR:&nbsp;<\/strong>&nbsp;<a title=\"https:\/\/isfd810-chu.infd.edu.ar\/aula\/archivos\/repositorio\/\/500\/634\/Historia_Clinica_FAMILIAR.pdf\" href=\"https:\/\/isfd810-chu.infd.edu.ar\/sitio\/wp-content\/uploads\/2024\/09\/historia_clinica_familiar.pdf\" target=\"_NEW\" rel=\"noopener\">click&nbsp;aqu\u00ed&nbsp;<\/a>para descargar&nbsp;<\/span><\/p>\n<p><span style=\"font-family: verdana, geneva; font-size: 10pt;\"><strong>FICHA AFILIATORIA SEROS:&nbsp;<\/strong>&nbsp;<a title=\"https:\/\/isfd810-chu.infd.edu.ar\/aula\/archivos\/repositorio\/\/500\/635\/Ficha_afiliatoria_Seros.pdf\" href=\"https:\/\/isfd810-chu.infd.edu.ar\/aula\/archivos\/repositorio\/\/500\/635\/Ficha_afiliatoria_Seros.pdf\" target=\"_NEW\" rel=\"noopener\">click&nbsp;aqu\u00ed<\/a>&nbsp;para descargar&nbsp;<\/span><\/p>\n\n\n<p><\/p>\n","protected":false},"excerpt":{"rendered":"<p>REGIMEN DE LICENCIAS Circular 05\/24 &#8211; S\/ Recordatorio procedimiento licencias m\u00e9dicas (Click para descargar) LINK de ACCESO A LOS FORMULARIOS OFICIALES&nbsp; https:\/\/chubut.edu.ar\/formularios\/ FORMULARIO DE LICENCIA click&nbsp;aqu\u00ed&nbsp;para descargar&nbsp; FORMULARIO HISTORIA CLINICA: &nbsp;click&nbsp;aqu\u00ed&nbsp;para descargar&nbsp; FORMULARIO HISTORIA CLINICA ATENCI\u00d3N DE FAMILIAR:&nbsp;&nbsp;click&nbsp;aqu\u00ed&nbsp;para descargar&nbsp; FICHA AFILIATORIA SEROS:&nbsp;&nbsp;click&nbsp;aqu\u00ed&nbsp;para descargar&nbsp;<\/p>\n","protected":false},"author":1283,"featured_media":0,"parent":0,"menu_order":0,"comment_status":"closed","ping_status":"closed","template":"","meta":[],"acf":[],"_links":{"self":[{"href":"https:\/\/isfd810-chu.infd.edu.ar\/sitio\/wp-json\/wp\/v2\/pages\/1153"}],"collection":[{"href":"https:\/\/isfd810-chu.infd.edu.ar\/sitio\/wp-json\/wp\/v2\/pages"}],"about":[{"href":"https:\/\/isfd810-chu.infd.edu.ar\/sitio\/wp-json\/wp\/v2\/types\/page"}],"author":[{"embeddable":true,"href":"https:\/\/isfd810-chu.infd.edu.ar\/sitio\/wp-json\/wp\/v2\/users\/1283"}],"replies":[{"embeddable":true,"href":"https:\/\/isfd810-chu.infd.edu.ar\/sitio\/wp-json\/wp\/v2\/comments?post=1153"}],"version-history":[{"count":24,"href":"https:\/\/isfd810-chu.infd.edu.ar\/sitio\/wp-json\/wp\/v2\/pages\/1153\/revisions"}],"predecessor-version":[{"id":4082,"href":"https:\/\/isfd810-chu.infd.edu.ar\/sitio\/wp-json\/wp\/v2\/pages\/1153\/revisions\/4082"}],"wp:attachment":[{"href":"https:\/\/isfd810-chu.infd.edu.ar\/sitio\/wp-json\/wp\/v2\/media?parent=1153"}],"curies":[{"name":"wp","href":"https:\/\/api.w.org\/{rel}","templated":true}]}}