{"id":1173,"date":"2018-07-02T20:03:25","date_gmt":"2018-07-02T23:03:25","guid":{"rendered":"https:\/\/isfd810-chu.infd.edu.ar\/sitio\/reglamento-3\/"},"modified":"2021-05-05T10:40:34","modified_gmt":"2021-05-05T13:40:34","slug":"reglamento-3","status":"publish","type":"page","link":"https:\/\/isfd810-chu.infd.edu.ar\/sitio\/reglamento-3\/","title":{"rendered":"Reglamento"},"content":{"rendered":"<p><strong>REGLAMENTO DE LA TECNICATURA EN ENTRENAMIENTO DEPORTIVO<\/strong><\/p>\n<p>&nbsp;<\/p>\n<p><strong>De la Inscripci\u00f3n<\/strong><\/p>\n<p>Art. 1.- Podr\u00e1n inscribirse en la carrera aquellos alumnos que finalizaron el nivel secundario (o Polimodal).<\/p>\n<p>Art. 2.-Los alumnos que adeuden materias, deber\u00e1n completar el nivel de formaci\u00f3n anterior, en el turno de ex\u00e1menes complementarios posterior al receso de invierno.<\/p>\n<p>Art. 3.-Los alumnos se matricular\u00e1n en cada espacio, respetando el orden de correlatividades.<\/p>\n<p><strong>Del Cursado<\/strong><\/p>\n<p>Art. 4.- Existe la condici\u00f3n de alumno regular y libre.<\/p>\n<p>a) Alumno <strong>Regular<\/strong>: es el estudiante matriculado que conserva el derecho de asistir a clases y a dar ex\u00e1menes.<\/p>\n<p>b) Las unidades curriculares que pueden rendirse en condici\u00f3n de <strong>Libre<\/strong> son las que integran el campo de la Formaci\u00f3n General y de los Fundamentos.<\/p>\n<p>c) El alumno que opte por rendir en condici\u00f3n de <strong>libre<\/strong>, deber\u00e1 cumplir con los requerimientos solicitados por el docente del espacio curricular. Estos requerimientos estar\u00e1n explicitados en el proyecto de c\u00e1tedra del docente.<\/p>\n<p>&nbsp;<\/p>\n<p>Art. 5.- <strong>Validez de las cursadas<\/strong>:<\/p>\n<p>a)\u00a0\u00a0El cursado tiene validez durante 3 (tres) turnos consecutivos de examen.<\/p>\n<p>b)\u00a0\u00a0El alumno inscripto como regular perder\u00e1 su condici\u00f3n de tal, cuando incurra en m\u00e1s inasistencias del m\u00e1ximo establecido (15% de las clases programadas).<\/p>\n<p>c)\u00a0\u00a0\u00a0El alumno que haya perdido la regularidad por inasistencias, que cuente con motivos v\u00e1lidos para justificar las mismas, podr\u00e1 presentar -por escrito- a la Coordinaci\u00f3n de\u00a0 Carrera la solicitud de ampliaci\u00f3n del m\u00e1ximo de inasistencias, adjuntando los certificados que lo justifiquen, en un plazo no mayor a las 48 hs. Este pedido ser\u00e1 evaluado y resuelto por el Consejo Directivo institucional y los equipos docentes.<\/p>\n<p>d)\u00a0\u00a0\u00a0El Consejo Directivo institucional, se encuentra facultado para solicitar al alumno (que acceda a la excepci\u00f3n del l\u00edmite de inasistencias) que cumpla con requisitos compensatorios (ej: trabajos pr\u00e1cticos).<\/p>\n<p>&nbsp;<\/p>\n<p><strong>De la asistencia<\/strong><\/p>\n<p>Art. 6.-\u00a0En TODAS las unidades curriculares del campo espec\u00edfico la asistencia ser\u00e1 por d\u00eda y hora de clase.<\/p>\n<p>Art. 7.-El alumno regular debe asistir puntualmente a clases y a las actividades dispuestas.<\/p>\n<p>a)\u00a0\u00a0 Incurrir\u00e1 en falta de puntualidad (tarde) el alumno que asista a clase o a las actividades dispuestas dentro de los 10 minutos posteriores a la hora en que tuviere la obligaci\u00f3n de hacerlo. En este caso (llegada tarde) se le computar\u00e1 media inasistencia, y luego de ese lapso (10 minutos) ser\u00e1 considerado ausente.<\/p>\n<p>b)\u00a0\u00a0 Al alumno que se retire dentro 10 minutos fijados para la finalizaci\u00f3n de la hora c\u00e1tedra se le computar\u00e1 \u00bd inasistencia. Al estudiante que se retire m\u00e1s de diez minutos antes de la finalizaci\u00f3n de la hora c\u00e1tedra le corresponder\u00e1 Ausente.<\/p>\n<p>c)\u00a0\u00a0 La asistencia se computar\u00e1 por Unidad curricular y hora de clase.<\/p>\n<p>d)\u00a0\u00a0 El n\u00famero m\u00e1ximo de inasistencias es el siguiente:<\/p>\n<p>&nbsp;<\/p>\n<p><strong>Unidades curriculares cuatrimestrales<\/strong><\/p>\n<p>Espacios de 3 horas semanales \u00a0\u00a0\u00a0\u00a0\u00a0\u00a0\u00a0\u00a0\u00a0\u00a0\u00a0\u00a0\u00a0\u00a0\u00a0\u00a0\u00a0\u00a0\u00a0\u00a0\u00a0\u00a0\u00a0 \u00a0\u00a0\u00a0\u00a0\u00a0\u00a0\u00a0\u00a0 6 inasistencias<\/p>\n<p>Espacio de 4 horas semanales\u00a0\u00a0\u00a0\u00a0\u00a0\u00a0\u00a0\u00a0\u00a0\u00a0\u00a0\u00a0\u00a0\u00a0\u00a0\u00a0\u00a0\u00a0\u00a0\u00a0\u00a0\u00a0\u00a0\u00a0\u00a0\u00a0\u00a0\u00a0\u00a0\u00a0\u00a0\u00a0\u00a0\u00a0\u00a0 7 inasistencias<\/p>\n<p><strong>Unidades curriculares anuales<\/strong><\/p>\n<p>Espacios de 3 horas semanales \u00a0\u00a0\u00a0\u00a0\u00a0\u00a0\u00a0\u00a0\u00a0\u00a0\u00a0\u00a0\u00a0\u00a0\u00a0\u00a0\u00a0\u00a0\u00a0\u00a0\u00a0\u00a0\u00a0 \u00a0\u00a0\u00a0\u00a0\u00a0\u00a0\u00a0\u00a0 12 inasistencias<\/p>\n<p>Espacio de 4 horas semanales\u00a0\u00a0\u00a0\u00a0\u00a0\u00a0\u00a0\u00a0\u00a0\u00a0\u00a0\u00a0\u00a0\u00a0\u00a0\u00a0\u00a0\u00a0\u00a0\u00a0\u00a0\u00a0\u00a0\u00a0\u00a0\u00a0\u00a0\u00a0\u00a0\u00a0\u00a0\u00a0\u00a0\u00a0\u00a0 14 inasistencias<\/p>\n<p>Espacio de 5 horas semanales\u00a0\u00a0\u00a0\u00a0\u00a0\u00a0\u00a0\u00a0\u00a0\u00a0\u00a0\u00a0\u00a0\u00a0\u00a0\u00a0\u00a0\u00a0\u00a0\u00a0\u00a0\u00a0\u00a0\u00a0\u00a0\u00a0\u00a0\u00a0\u00a0\u00a0\u00a0\u00a0\u00a0\u00a0\u00a0 16 inasistencias<\/p>\n<p>Espacios de 6 horas semanales \u00a0\u00a0\u00a0\u00a0\u00a0\u00a0\u00a0\u00a0\u00a0\u00a0\u00a0\u00a0\u00a0\u00a0\u00a0\u00a0\u00a0\u00a0\u00a0\u00a0\u00a0\u00a0\u00a0\u00a0\u00a0\u00a0\u00a0\u00a0\u00a0\u00a0\u00a0\u00a0 18 inasistencias<\/p>\n<p><strong>De la aprobaci\u00f3n de los espacios<\/strong><\/p>\n<p>Art. 8.- Las Unidades curriculares podr\u00e1n ser aprobadas por examen final o por promoci\u00f3n.<\/p>\n<p><strong>De la Evaluaci\u00f3n<\/strong><\/p>\n<p>Art. 9.- Si la evaluaci\u00f3n de los espacios alcanza o supera los <strong>7 (siete)<\/strong> puntos y si cumple con la asistencia prevista, el alumno aprobar\u00e1 por promoci\u00f3n. Para poder promocionar el alumno deber\u00e1 tener una calificaci\u00f3n de 7 o m\u00e1s puntos en cada una de las evaluaciones parciales (o su recuperatorio). Deber\u00e1 tener aprobado el 100% de los trabajos pr\u00e1cticos, producciones u otras formas de evaluaci\u00f3n que se propongan.<\/p>\n<p>Art. 10.- En todas las instancias de evaluaci\u00f3n deber\u00e1 preverse la forma de recuperaci\u00f3n correspondiente, con un plazo de realizaci\u00f3n para la acreditaci\u00f3n final. Los recuperatorios deber\u00e1n tomarse despu\u00e9s de transcurridos siete d\u00edas de la fecha de entrega de la nota del parcial.<\/p>\n<p>Cuando un alumno opte por rendir el examen recuperatorio de un parcial, la calificaci\u00f3n promediable ser\u00e1 la m\u00e1s alta. Vale decir se tomar\u00e1 la nota m\u00e1s alta sea tanto del parcial como de su recuperatorio.<\/p>\n<p>Art. 11.- Si el alumno no alcanza la promoci\u00f3n de la unidad curricular, deber\u00e1 rendir examen final en los turnos correspondientes. Es requisito para acceder al examen final (condici\u00f3n regular) haber aprobado los trabajos pr\u00e1cticos y tener una calificaci\u00f3n de<strong>4 (cuatro)<\/strong> o m\u00e1s puntos en cada uno de los ex\u00e1menes parciales (o sus recuperatorios).<\/p>\n<p>Art. 12.- Cuando un alumno regular no concurra a rendir un parcial \u00a0ni su recuperatorio (del mismo parcial) deber\u00e1 recuperar el espacio de acuerdo a las condiciones establecidas por el profesor del mismo; u optar por rendir en calidad de libre los espacios que as\u00ed lo permitan.<\/p>\n<p>Art. 13.-El alumno tiene derecho de conocer la propuesta de la unidad curricular, con sus contenidos, sistema de cursado, acreditaci\u00f3n y evaluaci\u00f3n, dentro de los treinta d\u00edas de iniciado el dictado del mismo.<\/p>\n<p>Art. 14.- Se considerar\u00e1 unidad curricular <strong>cursada<\/strong> el haber cumplido con los porcentajes de asistencia y tener calificaci\u00f3n para acceder a examen final. De no cumplir con estos dos requisitos <strong><u>recursar\u00e1 la unidad curricular si la oferta acad\u00e9mica lo permite.<\/u><\/strong><\/p>\n<p>Art. 15. &#8211; El alumno libre en vistas al examen final, podr\u00e1 realizar consultas al docente del espacio curricular a rendir; o pedir autorizaci\u00f3n para asistir a alguna clase a fin de aclarar y\/o profundizar alguna tem\u00e1tica que le resulte compleja.<\/p>\n<p><strong>De las Licencias<\/strong><\/p>\n<p>Art. 16.- El alumno que solicite licencia especial deportiva, deber\u00e1 presentar la convocatoria y el pedido por escrito con cuatro (4) d\u00edas h\u00e1biles de anticipaci\u00f3n, presentando las constancias que avalen dicha solicitud- dentro de las 72 horas posteriores a su reintegro a clase .Dicha licencia ser\u00e1 concedida por la direcci\u00f3n y \/ o coordinaci\u00f3n de\u00a0 carrera de la instituci\u00f3n .<\/p>\n<p><strong>De las Correlatividades<\/strong><\/p>\n<p>Art. 17.- Las correlatividades del dise\u00f1o, responden a las siguientes normativas:<\/p>\n<p>a) No se podr\u00e1 cursar ninguna unidad curricular sin haber cursado la unidad curricular correlativa anterior.<\/p>\n<p>b) El alumno que adeude dos \u00a0unidades correlativas no podr\u00e1 cursar la tercera correlativa.<\/p>\n<p>c) El alumno no podr\u00e1 rendir las unidades correlativas a los adeudadas hasta tanto no apruebe estos. No obstante ello podr\u00e1 cursarlas (si tiene regularizada la primer correlativa ) y en caso de obtener promedio para aprobarlas por promoci\u00f3n (sin examen final), dicha calificaci\u00f3n no quedar\u00e1 firme hasta la aprobaci\u00f3n de la correlativa adeudada.<\/p>\n<p>d) En el caso que fuera a examen en dos unidades correlativas, el alumno deber\u00e1<\/p>\n<p>1)\u00a0\u00a0\u00a0\u00a0 Aprobar la primera correlativa<\/p>\n<p>2)\u00a0\u00a0\u00a0\u00a0 En caso de no aprobarla, no podr\u00e1 rendir la correlativa siguiente<\/p>\n<p><strong>Cuadro de correlatividades<\/strong><\/p>\n<table width=\"636\">\n<tbody>\n<tr>\n<td colspan=\"3\" width=\"636\"><strong>PRIMER A\u00d1O<\/strong><\/td>\n<\/tr>\n<tr>\n<td width=\"199\"><strong>PARA CURSAR<\/strong><\/td>\n<td width=\"221\"><strong>DEBE TENER REGULARIZADO<\/strong><\/td>\n<td width=\"216\"><strong>DEBE TENER APROBADO<\/strong><\/td>\n<\/tr>\n<tr>\n<td width=\"199\">FISIOLOG\u00cdA APLICADA 1<\/td>\n<td width=\"221\">ANATOM\u00cdA FUNCIONAL<\/td>\n<td width=\"216\"><\/td>\n<\/tr>\n<tr>\n<td width=\"199\">INICIACI\u00d3N DEPORTIVA<\/td>\n<td width=\"221\">CRECIMIENTO Y DESARROLLO<\/td>\n<td width=\"216\"><\/td>\n<\/tr>\n<\/tbody>\n<\/table>\n<p><strong>\u00a0<\/strong><\/p>\n<p><strong>\u00a0<\/strong><\/p>\n<table width=\"636\">\n<tbody>\n<tr>\n<td colspan=\"3\" width=\"636\"><strong>SEGUNDOA\u00d1O<\/strong><\/td>\n<\/tr>\n<tr>\n<td width=\"199\"><strong>PARA CURSAR<\/strong><\/td>\n<td width=\"221\"><strong>DEBE TENER REGULARIZADO<\/strong><\/td>\n<td width=\"216\"><strong>DEBE TENER APROBADO<\/strong><\/td>\n<\/tr>\n<tr>\n<td width=\"199\">FISIOLOG\u00cdA APLICADA II<\/td>\n<td width=\"221\">FISIOLOG\u00cdA APLICADA 1<\/td>\n<td width=\"216\"><\/td>\n<\/tr>\n<tr>\n<td width=\"199\">NUTRICI\u00d3N DEPORTIVA<\/td>\n<td width=\"221\">BIOQU\u00cdMICA<\/td>\n<td width=\"216\"><\/td>\n<\/tr>\n<tr>\n<td width=\"199\">LESIONES Y 1ros. AUXILIOS<\/td>\n<td width=\"221\">ANATOM\u00cdA FUNCIONAL<\/td>\n<td width=\"216\"><\/td>\n<\/tr>\n<tr>\n<td width=\"199\">ENTRENAMIENTO II<\/td>\n<td width=\"221\">ENTRENAMIENTO I<\/td>\n<td width=\"216\"><\/td>\n<\/tr>\n<tr>\n<td width=\"199\">PR\u00c1CTICA DE LA ESPECIALIZACI\u00d3N<\/td>\n<td width=\"221\">PR\u00c1CTICA DE LA INTEGRACI\u00d3N<\/td>\n<td width=\"216\"><\/td>\n<\/tr>\n<\/tbody>\n<\/table>\n<p>&nbsp;<\/p>\n<table width=\"636\">\n<tbody>\n<tr>\n<td colspan=\"3\" width=\"636\"><strong>TERCER A\u00d1O<\/strong><\/td>\n<\/tr>\n<tr>\n<td width=\"199\"><strong>PARA CURSAR<\/strong><\/td>\n<td width=\"221\"><strong>DEBE TENER REGULARIZADO<\/strong><\/td>\n<td width=\"216\"><strong>DEBE TENER APROBADO<\/strong><\/td>\n<\/tr>\n<tr>\n<td width=\"199\">ELABORACI\u00d3N DE PROYECTOS<\/td>\n<td width=\"221\">.<\/p>\n<p>&nbsp;<\/td>\n<td width=\"216\">LECTURA, COMPRENSI\u00d3N Y ELABORACI\u00d3N DE TEXTOS Y DOCS<\/p>\n<p>TIC<\/td>\n<\/tr>\n<tr>\n<td width=\"199\">ENTRENAMIENTO III<\/td>\n<td width=\"221\">ENTRENAMIENTO II<\/td>\n<td width=\"216\"><\/td>\n<\/tr>\n<tr>\n<td width=\"199\">PR\u00c1CTICA PROFESIONAL<\/td>\n<td width=\"221\"><\/td>\n<td width=\"216\">PR\u00c1CTICA DE LA ESPECIALIZACI\u00d3N<\/td>\n<\/tr>\n<\/tbody>\n<\/table>\n<p>&nbsp;<\/p>\n<p><strong>Del examen final de turno<\/strong><\/p>\n<p>Art. 18.-Este examen se tomar\u00e1 con tribunal examinador a partir de los turnos de julio-agosto, diciembre y marzo, seg\u00fan el r\u00e9gimen del espacio.<\/p>\n<p>a) La aprobaci\u00f3n ser\u00e1 con 4 (cuatro) o m\u00e1s puntos.<\/p>\n<p>b) El alumno tiene la obligaci\u00f3n de formalizar personalmente su inscripci\u00f3n para rendir ex\u00e1menes finales dentro de los plazos que oportunamente le ser\u00e1n comunicados. La no-inscripci\u00f3n en el turno correspondiente significar\u00e1 la p\u00e9rdida del mismo.<\/p>\n<p>c) El alumno que no ingrese a una determinada mesa de examen, cuando sea llamado para rendir, ser\u00e1 considerado <u>ausente<\/u>.<\/p>\n<p>g) La recepci\u00f3n de los ex\u00e1menes finales se ajustar\u00e1 a las siguientes normas:<\/p>\n<ol>\n<li>El tribunal examinador estar\u00e1 presidido por un profesor especializado en la materia e integrado por dos profesores, en lo posible de espacios afines.<\/li>\n<li>La direcci\u00f3n del Instituto o la Coordinaci\u00f3n de la Carrera podr\u00e1 presidir el tribunal examinador cuando lo considere pertinente.<\/li>\n<\/ol>\n<ul>\n<li>El alumno libre rendir\u00e1 en primer t\u00e9rmino examen escrito, luego de su aprobaci\u00f3n rendir\u00e1 el oral.<\/li>\n<\/ul>\n<ol>\n<li>El horario de examen y la constituci\u00f3n de los tribunales examinadores, se pondr\u00e1 en conocimiento de los alumnos con anterioridad al turno.<\/li>\n<li>Los ex\u00e1menes finales ser\u00e1n orales o escritos y seg\u00fan la \u00edndole del espacio podr\u00e1 ser acompa\u00f1ado por una parte pr\u00e1ctica.<\/li>\n<li>Los espacios cuyo examen conste de parte escrita y\/o pr\u00e1ctica, adem\u00e1s de la oral, la nota final ser\u00e1 el promedio de la obtenida en cada una de ellas, si ambas fueran notas de aprobaci\u00f3n. Si en algunas de las partes obtuviera una nota de aplazo, \u00e9sta ser\u00e1 la nota final del examen.<\/li>\n<\/ol>\n<ul>\n<li>No se podr\u00e1 repetir ning\u00fan examen en el mismo turno.<\/li>\n<li>La nota m\u00ednima de aprobaci\u00f3n ser\u00e1 de cuatro puntos y las decisiones de los tribunales examinadores ser\u00e1n inapelables, salvo en el caso de que el mismo no se hubiere ajustado a las formas legales establecidas.<\/li>\n<\/ul>\n<p>Art. 19.-Los alumnos que hayan finalizado el tercer a\u00f1o de estudios y adeuden una sola unidad curricular para obtener el t\u00edtulo de T\u00e9cnico Superior, gozar\u00e1n de dos turnos complementarios, para completar la carrera.<\/p>\n<p><strong>Del R\u00e9gimen Disciplinario<\/strong><\/p>\n<p>Art. 20.-Se aplicar\u00e1 a los alumnos el tratamiento disciplinario propio de la ense\u00f1anza superior. Los alumnos est\u00e1n obligados a observar un comportamiento acorde con la funci\u00f3n para la cual se preparan y a cumplir con las disposiciones reglamentarias establecidas.<\/p>\n<p>Art. 21.- El incumplimiento por parte del alumnado de las disposiciones vigentes podr\u00e1 determinar la aplicaci\u00f3n de las siguientes medidas disciplinarias:<\/p>\n<p>a)\u00a0\u00a0\u00a0\u00a0 Llamado de atenci\u00f3n<\/p>\n<p>b)\u00a0\u00a0\u00a0\u00a0 Suspensi\u00f3n de hasta treinta d\u00edas<\/p>\n<p>c)\u00a0\u00a0\u00a0\u00a0 Suspensi\u00f3n de m\u00e1s de treinta d\u00edas<\/p>\n<p>d)\u00a0\u00a0\u00a0\u00a0 Expulsi\u00f3n<\/p>\n<p>Las sanciones de los incisos a) y b) ser\u00e1n aplicadas por la Direcci\u00f3n del Instituto. Las de los incisos c) y d) por las autoridades del Ministerio de Educaci\u00f3n.<\/p>\n<p>Art. 22.- Todos aquellos casos extraordinarios o de situaciones no contempladas en forma expresa en el presente reglamento, ser\u00e1n resueltas por la m\u00e1xima autoridad de la instituci\u00f3n.<\/p>\n<p>&nbsp;<\/p>\n<p><strong>R\u00e9gimen de Inasistencias para alumnas embarazadas \u2013 Ley Nac. 25.273<\/strong><\/p>\n<p><strong>ART\u00cdCULO 1\u00b0<\/strong>_Cr\u00e9ase un R\u00e9gimen Especial de Inasistencias Justificadas por razones de gravidez para alumnas que cursen los ciclos de Ense\u00f1anza General B\u00e1sica, Polimodal y Superior No Universitaria en establecimientos de jurisdicci\u00f3n nacional, provincial o municipal, que no posean una reglamentaci\u00f3n con beneficios iguales o mayores a los que otorga esta ley.<\/p>\n<p><strong>ART\u00cdCULO 2\u00b0<\/strong>_Las alumnas que presenten certificado m\u00e9dico de su estado y per\u00edodo de gestaci\u00f3n y alumbramiento, tendr\u00e1n treinta (30) inasistencias justificadas y no computables antes o despu\u00e9s del parto, pudiendo ser continuas o fraccionadas.<\/p>\n<p><strong>ART\u00cdCULO 3<\/strong>\u00b0_Este R\u00e9gimen Oficial, incluir\u00e1 para las alumnas que certifiquen estar en per\u00edodo de amamantamiento, la franquicia del establecimiento durante una (1) hora diaria por el lapso de seis (6) meses a partir de su reincorporaci\u00f3n a la escuela.<\/p>\n<p><strong>ART\u00cdCULO 4\u00b0<\/strong>_El no c\u00f3mputo de las inasistencias a d\u00edas y horas de clase no significar\u00e1 promoci\u00f3n autom\u00e1tica, debiendo acreditar como alumna regular de acuerdo al sistema de promoci\u00f3n vigente de cada jurisdicci\u00f3n.<\/p>\n<p>&nbsp;<\/p>\n<p>&nbsp;<\/p>\n<p>&nbsp;<\/p>\n","protected":false},"excerpt":{"rendered":"<p>REGLAMENTO DE LA TECNICATURA EN ENTRENAMIENTO DEPORTIVO &nbsp; De la Inscripci\u00f3n Art. 1.- Podr\u00e1n inscribirse en la carrera aquellos alumnos que finalizaron el nivel secundario (o Polimodal). Art. 2.-Los alumnos que adeuden materias, deber\u00e1n completar el nivel de formaci\u00f3n anterior, en el turno de ex\u00e1menes complementarios posterior al receso de invierno. Art. 3.-Los alumnos se &#8230; <a title=\"Reglamento\" class=\"read-more\" href=\"https:\/\/isfd810-chu.infd.edu.ar\/sitio\/reglamento-3\/\" aria-label=\"More on Reglamento\">[+]<\/a><\/p>\n","protected":false},"author":1283,"featured_media":0,"parent":0,"menu_order":0,"comment_status":"closed","ping_status":"closed","template":"","meta":[],"acf":[],"_links":{"self":[{"href":"https:\/\/isfd810-chu.infd.edu.ar\/sitio\/wp-json\/wp\/v2\/pages\/1173"}],"collection":[{"href":"https:\/\/isfd810-chu.infd.edu.ar\/sitio\/wp-json\/wp\/v2\/pages"}],"about":[{"href":"https:\/\/isfd810-chu.infd.edu.ar\/sitio\/wp-json\/wp\/v2\/types\/page"}],"author":[{"embeddable":true,"href":"https:\/\/isfd810-chu.infd.edu.ar\/sitio\/wp-json\/wp\/v2\/users\/1283"}],"replies":[{"embeddable":true,"href":"https:\/\/isfd810-chu.infd.edu.ar\/sitio\/wp-json\/wp\/v2\/comments?post=1173"}],"version-history":[{"count":5,"href":"https:\/\/isfd810-chu.infd.edu.ar\/sitio\/wp-json\/wp\/v2\/pages\/1173\/revisions"}],"predecessor-version":[{"id":1967,"href":"https:\/\/isfd810-chu.infd.edu.ar\/sitio\/wp-json\/wp\/v2\/pages\/1173\/revisions\/1967"}],"wp:attachment":[{"href":"https:\/\/isfd810-chu.infd.edu.ar\/sitio\/wp-json\/wp\/v2\/media?parent=1173"}],"curies":[{"name":"wp","href":"https:\/\/api.w.org\/{rel}","templated":true}]}}