{"id":1217,"date":"2018-07-02T20:03:47","date_gmt":"2018-07-02T23:03:47","guid":{"rendered":"https:\/\/isfd810-chu.infd.edu.ar\/sitio\/dci-plan-de-estudios\/"},"modified":"2026-03-10T11:39:53","modified_gmt":"2026-03-10T14:39:53","slug":"dci-plan-de-estudios","status":"publish","type":"page","link":"https:\/\/isfd810-chu.infd.edu.ar\/sitio\/dci-plan-de-estudios\/","title":{"rendered":"Dise\u00f1o curricular &#8211; Reglamento de pr\u00e1cticas"},"content":{"rendered":"<p><a href=\"https:\/\/isfd810-chu.infd.edu.ar\/sitio\/wp-content\/uploads\/2023\/06\/DCI-94-00.pdf\">Dise\u00f1o curricular RM 94\/00 (descargar)<\/a><\/p>\n<p>&#8212;&#8212;&#8212;&#8212;&#8212;&#8212;&#8211;<\/p>\n<p><a href=\"https:\/\/isfd810-chu.infd.edu.ar\/sitio\/wp-content\/uploads\/2023\/06\/503-DC_Prof_Educacion_Fisica.pdf\">Dise\u00f1o curricular RM 503\/13 (descargar)<\/a><\/p>\n<p>&#8212;&#8212;&#8212;&#8212;&#8212;&#8212;&#8211;<\/p>\n<p><a href=\"https:\/\/isfd810-chu.infd.edu.ar\/sitio\/wp-content\/uploads\/2022\/03\/234_DC_Prof._de_Educacion_Fisica.pdf\">Dise\u00f1o curricular RM 234\/15 (descargar)<\/a><\/p>\n<p>&#8212;&#8212;&#8212;&#8212;&#8212;&#8212;&#8211;<\/p>\n<p><a href=\"https:\/\/isfd810-chu.infd.edu.ar\/sitio\/wp-content\/uploads\/2024\/10\/DC-RES.325-22.-PEF.pdf\">Dise\u00f1o curricular RM 325\/22 (descargar)<\/a><\/p>\n<p>El cuadro de correlatividades del Dise\u00f1o Curricular Jurisdiccional del Profesorado de Educaci\u00f3n F\u00edsica Res. N \u00b0 325\/ 22, fue modificado mediante disposici\u00f3n Institucional N \u00b0 1\/ 2023 y la resoluci\u00f3n del C.I. acta N \u00b0 5\/ 24 <a href=\"https:\/\/isfd810-chu.infd.edu.ar\/sitio\/wp-content\/uploads\/2025\/06\/CUADRO_DE_CORRELATIVIDADES_PARA_INGRESO_Y_APROBACION_DE_UNIDADES_CURRICULARES.pdf\">CUADRO_DE_CORRELATIVIDADES_PARA_INGRESO_Y_APROBACION_DE_UNIDADES_CURRICULARES<\/a> (Click para acceder a cuadro de correlatividades vigente)<\/p>\n<p>&#8212;&#8212;&#8212;&#8212;&#8212;&#8212;&#8211;<\/p>\n<p><a href=\"https:\/\/isfd810-chu.infd.edu.ar\/sitio\/wp-content\/uploads\/2019\/05\/Reglamento-jurisdiccional-de-pr\u00e1cticas-y-residencias-para-la-formaci\u00f3n-docente-inicial.pdf\">Reglamento jurisdiccional de pr\u00e1cticas y residencias para la formaci\u00f3n docente inicial (descargar)<\/a><\/p>\n","protected":false},"excerpt":{"rendered":"<p>Dise\u00f1o curricular RM 94\/00 (descargar) &#8212;&#8212;&#8212;&#8212;&#8212;&#8212;&#8211; Dise\u00f1o curricular RM 503\/13 (descargar) &#8212;&#8212;&#8212;&#8212;&#8212;&#8212;&#8211; Dise\u00f1o curricular RM 234\/15 (descargar) &#8212;&#8212;&#8212;&#8212;&#8212;&#8212;&#8211; Dise\u00f1o curricular RM 325\/22 (descargar) El cuadro de correlatividades del Dise\u00f1o Curricular Jurisdiccional del Profesorado de Educaci\u00f3n F\u00edsica Res. N \u00b0 325\/ 22, fue modificado mediante disposici\u00f3n Institucional N \u00b0 1\/ 2023 y la resoluci\u00f3n del C.I. &#8230; <a title=\"Dise\u00f1o curricular &#8211; Reglamento de pr\u00e1cticas\" class=\"read-more\" href=\"https:\/\/isfd810-chu.infd.edu.ar\/sitio\/dci-plan-de-estudios\/\" aria-label=\"More on Dise\u00f1o curricular &#8211; Reglamento de pr\u00e1cticas\">[+]<\/a><\/p>\n","protected":false},"author":1283,"featured_media":0,"parent":0,"menu_order":0,"comment_status":"closed","ping_status":"closed","template":"","meta":[],"acf":[],"_links":{"self":[{"href":"https:\/\/isfd810-chu.infd.edu.ar\/sitio\/wp-json\/wp\/v2\/pages\/1217"}],"collection":[{"href":"https:\/\/isfd810-chu.infd.edu.ar\/sitio\/wp-json\/wp\/v2\/pages"}],"about":[{"href":"https:\/\/isfd810-chu.infd.edu.ar\/sitio\/wp-json\/wp\/v2\/types\/page"}],"author":[{"embeddable":true,"href":"https:\/\/isfd810-chu.infd.edu.ar\/sitio\/wp-json\/wp\/v2\/users\/1283"}],"replies":[{"embeddable":true,"href":"https:\/\/isfd810-chu.infd.edu.ar\/sitio\/wp-json\/wp\/v2\/comments?post=1217"}],"version-history":[{"count":16,"href":"https:\/\/isfd810-chu.infd.edu.ar\/sitio\/wp-json\/wp\/v2\/pages\/1217\/revisions"}],"predecessor-version":[{"id":4062,"href":"https:\/\/isfd810-chu.infd.edu.ar\/sitio\/wp-json\/wp\/v2\/pages\/1217\/revisions\/4062"}],"wp:attachment":[{"href":"https:\/\/isfd810-chu.infd.edu.ar\/sitio\/wp-json\/wp\/v2\/media?parent=1217"}],"curies":[{"name":"wp","href":"https:\/\/api.w.org\/{rel}","templated":true}]}}