{"id":1751,"date":"2019-07-01T11:08:33","date_gmt":"2019-07-01T14:08:33","guid":{"rendered":"https:\/\/isfd810-chu.infd.edu.ar\/sitio\/?page_id=1751"},"modified":"2025-04-08T13:27:31","modified_gmt":"2025-04-08T16:27:31","slug":"pase-equivalencia-o-proyectos-de-catedra","status":"publish","type":"page","link":"https:\/\/isfd810-chu.infd.edu.ar\/sitio\/pase-equivalencia-o-proyectos-de-catedra\/","title":{"rendered":"Pase, Equivalencia o proyectos de c\u00e1tedra"},"content":{"rendered":"<h3><strong>Solicitud de Pase, Equivalencia o proyectos de c\u00e1tedra<\/strong><\/h3>\n<p>A continuaci\u00f3n se detallan los pasos a realizar para solicitar los pases, proyectos de c\u00e1tedra o equivalencias<\/p>\n<h4>Pase de ISFD N\u00b0 810 a otra instituci\u00f3n<\/h4>\n<p>El pase se solicita cuando el alumno que curs\u00f3 su carrera de manera parcial (hasta un 75 %)\u00a0 en el ISFD N\u00b0 810 \u201cProf. Fidel P\u00e9rez Moreno\u201d desea continuar sus estudios en otro establecimiento.<\/p>\n<p>Para ello debe presentar una nota dirigida al director de la Instituci\u00f3n con la documentaci\u00f3n requerida, que ser\u00e1 recepcionada en la secretar\u00eda de lunes a viernes de 7.30 a 13 hs. En el enlace se puede descargar una nota modelo.<\/p>\n<p>Los pases pueden ser solicitados en cualquier momento del ciclo lectivo.<\/p>\n<h4>Solicitud de proyectos de c\u00e1tedra o unidad curricular<\/h4>\n<p>La solicitud de proyectos de c\u00e1tedra\u00a0 la presenta un alumno que curs\u00f3 en el ISFD N\u00b0 810 \u201cProf. Fidel P\u00e9rez Moreno\u201d y desea continuar sus estudios en otro establecimiento.<\/p>\n<p>Para ello debe presentar una nota dirigida al director de la Instituci\u00f3n con la documentaci\u00f3n requerida, que ser\u00e1 recepcionada en la secretar\u00eda de lunes a viernes de 7.30 a 13 hs. En el enlace se puede descargar una nota modelo.<\/p>\n<h4>Equivalencias<\/h4>\n<p>Las equivalencias se solicitan cuando un estudiante curs\u00f3 materias en otro establecimiento educativo y quiere continuar sus estudios en el ISFD N\u00b0 810 \u201cProf. Fidel P\u00e9rez Moreno\u201d, o bien cuando quiere cambiarse de carrera en nuestra instituci\u00f3n.<\/p>\n<p>Las equivalencias se otorgan por unidad curricular y est\u00e1n sujetas a la evaluaci\u00f3n del docente a cargo de la c\u00e1tedra.<\/p>\n<p>Para gestionar Equivalencias deber\u00e1 presentar la documentaci\u00f3n en original y\/o copia certificada acorde a la resoluci\u00f3n CFE N\u00b0 59\/08 del Consejo Federal de Educaci\u00f3n \u2013 Ministerio de Educaci\u00f3n. La misma debe estar sellada y firmada por autoridades institucionales y provinciales. Adjuntar los programas de las materias aprobadas.<\/p>\n<p>A la documentaci\u00f3n solicitada deber\u00e1 adjuntar la nota de Solicitud de Equivalencias.<\/p>\n<p>Esta documentaci\u00f3n ser\u00e1 recepcionada en secretaria \u00a0de lunes a viernes de \u00a07.30 a 13 hs.<\/p>\n<h4><\/h4>\n<h4>Pase de otra instituci\u00f3n a\u00a0ISFD N\u00b0 810<\/h4>\n<p>Para solicitar el pase deber\u00e1 presentar una nota dirigida al director de la Instituci\u00f3n con la documentaci\u00f3n requerida, que ser\u00e1 recepcionada en la secretar\u00eda del ISFD N\u00b0 810 de lunes a viernes de 7.30 a 13 hs.<\/p>\n<p>Los pases pueden ser solicitados en cualquier momento del ciclo lectivo.<\/p>\n<p><strong>Documentaci\u00f3n requerida<\/strong><\/p>\n<ul>\n<li>Pase legalizado (entre instituciones con t\u00edtulo que tengan validez nacional)<\/li>\n<li>Plan de estudios con carga horaria de cada materia \/ unidad curricular (autenticado por la instituci\u00f3n de procedencia)<\/li>\n<li>Programas de materias aprobadas (autenticados por la instituci\u00f3n de procedencia)<\/li>\n<li>Copia autenticada de T\u00edtulo secundario<\/li>\n<li>Ficha m\u00e9dica del ISFD N\u00b0 810<\/li>\n<li>Dos fotos carnet<\/li>\n<li>Partida de nacimiento<\/li>\n<li>Fotocopia DNI<\/li>\n<\/ul>\n<p><a href=\"https:\/\/isfd810-chu.infd.edu.ar\/sitio\/wp-content\/uploads\/2023\/03\/Nota_Modelo_equivalencia_810.docx\">Nota_Modelo_equivalencia_810<\/a><\/p>\n<p><a href=\"https:\/\/isfd810-chu.infd.edu.ar\/sitio\/wp-content\/uploads\/2023\/03\/Nota_Modelo_Pase_810.docx\">Nota_Modelo_Pase_810<\/a><\/p>\n<p><a href=\"https:\/\/isfd810-chu.infd.edu.ar\/sitio\/wp-content\/uploads\/2023\/03\/Nota_Modelo_solicitud_de_programas_810.docx\">Nota_Modelo_solicitud_de_programas_810<\/a><\/p>\n","protected":false},"excerpt":{"rendered":"<p>Solicitud de Pase, Equivalencia o proyectos de c\u00e1tedra A continuaci\u00f3n se detallan los pasos a realizar para solicitar los pases, proyectos de c\u00e1tedra o equivalencias Pase de ISFD N\u00b0 810 a otra instituci\u00f3n El pase se solicita cuando el alumno que curs\u00f3 su carrera de manera parcial (hasta un 75 %)\u00a0 en el ISFD N\u00b0 &#8230; <a title=\"Pase, Equivalencia o proyectos de c\u00e1tedra\" class=\"read-more\" href=\"https:\/\/isfd810-chu.infd.edu.ar\/sitio\/pase-equivalencia-o-proyectos-de-catedra\/\" aria-label=\"More on Pase, Equivalencia o proyectos de c\u00e1tedra\">[+]<\/a><\/p>\n","protected":false},"author":1283,"featured_media":0,"parent":0,"menu_order":0,"comment_status":"closed","ping_status":"closed","template":"","meta":[],"acf":[],"_links":{"self":[{"href":"https:\/\/isfd810-chu.infd.edu.ar\/sitio\/wp-json\/wp\/v2\/pages\/1751"}],"collection":[{"href":"https:\/\/isfd810-chu.infd.edu.ar\/sitio\/wp-json\/wp\/v2\/pages"}],"about":[{"href":"https:\/\/isfd810-chu.infd.edu.ar\/sitio\/wp-json\/wp\/v2\/types\/page"}],"author":[{"embeddable":true,"href":"https:\/\/isfd810-chu.infd.edu.ar\/sitio\/wp-json\/wp\/v2\/users\/1283"}],"replies":[{"embeddable":true,"href":"https:\/\/isfd810-chu.infd.edu.ar\/sitio\/wp-json\/wp\/v2\/comments?post=1751"}],"version-history":[{"count":7,"href":"https:\/\/isfd810-chu.infd.edu.ar\/sitio\/wp-json\/wp\/v2\/pages\/1751\/revisions"}],"predecessor-version":[{"id":3529,"href":"https:\/\/isfd810-chu.infd.edu.ar\/sitio\/wp-json\/wp\/v2\/pages\/1751\/revisions\/3529"}],"wp:attachment":[{"href":"https:\/\/isfd810-chu.infd.edu.ar\/sitio\/wp-json\/wp\/v2\/media?parent=1751"}],"curies":[{"name":"wp","href":"https:\/\/api.w.org\/{rel}","templated":true}]}}