{"id":2458,"date":"2022-07-06T11:10:47","date_gmt":"2022-07-06T14:10:47","guid":{"rendered":"https:\/\/isfd810-chu.infd.edu.ar\/sitio\/?page_id=2458"},"modified":"2022-07-06T11:10:48","modified_gmt":"2022-07-06T14:10:48","slug":"campus-virtual-en-tu-telefono","status":"publish","type":"page","link":"https:\/\/isfd810-chu.infd.edu.ar\/sitio\/campus-virtual-en-tu-telefono\/","title":{"rendered":"CAMPUS VIRTUAL en TU TEL\u00c9FONO"},"content":{"rendered":"\n<p><strong>C\u00f3mo comenzar en pocos pasos<\/strong><\/p>\n\n\n\n<ol type=\"1\"><li>Descarg\u00e1 la aplicaci\u00f3n \u201cEducativa Mobile\u201d busc\u00e1ndola en Google play (Android) \/ App Store (iOS) o mediante los siguientes c\u00f3digos QR<\/li><\/ol>\n\n\n\n<div class=\"wp-block-image\"><figure class=\"aligncenter size-large\"><img decoding=\"async\" loading=\"lazy\" width=\"600\" height=\"452\" src=\"https:\/\/isfd810-chu.infd.edu.ar\/sitio\/wp-content\/uploads\/2022\/07\/ingreso-campus-qr.jpg\" alt=\"\" class=\"wp-image-2453\"\/><\/figure><\/div>\n\n\n\n<p><\/p>\n\n\n\n<p>2. Dentro de la app ingres\u00e1 los siguientes datos<\/p>\n\n\n\n<div class=\"wp-block-image\"><figure class=\"aligncenter size-large is-resized\"><img decoding=\"async\" loading=\"lazy\" src=\"https:\/\/isfd810-chu.infd.edu.ar\/sitio\/wp-content\/uploads\/2022\/07\/ingreso-campus-smart.jpg\" alt=\"\" class=\"wp-image-2454\" width=\"245\" height=\"395\" srcset=\"https:\/\/isfd810-chu.infd.edu.ar\/sitio\/wp-content\/uploads\/2022\/07\/ingreso-campus-smart.jpg 702w, https:\/\/isfd810-chu.infd.edu.ar\/sitio\/wp-content\/uploads\/2022\/07\/ingreso-campus-smart-621x1000.jpg 621w\" sizes=\"(max-width: 245px) 100vw, 245px\" \/><\/figure><\/div>\n\n\n\n<p><\/p>\n\n\n\n<p>3. Tambi\u00e9n pod\u00e9s iniciar sesi\u00f3n en la app escaneando el c\u00f3digo QR desde tu sesi\u00f3n abierta en una computadora<\/p>\n\n\n\n<div class=\"wp-block-image\"><figure class=\"aligncenter size-large is-resized\"><img decoding=\"async\" loading=\"lazy\" src=\"https:\/\/isfd810-chu.infd.edu.ar\/sitio\/wp-content\/uploads\/2022\/07\/ingreso-campus-smart-2.jpg\" alt=\"\" class=\"wp-image-2456\" width=\"511\" height=\"345\" srcset=\"https:\/\/isfd810-chu.infd.edu.ar\/sitio\/wp-content\/uploads\/2022\/07\/ingreso-campus-smart-2.jpg 1189w, https:\/\/isfd810-chu.infd.edu.ar\/sitio\/wp-content\/uploads\/2022\/07\/ingreso-campus-smart-2-1000x675.jpg 1000w, https:\/\/isfd810-chu.infd.edu.ar\/sitio\/wp-content\/uploads\/2022\/07\/ingreso-campus-smart-2-768x519.jpg 768w\" sizes=\"(max-width: 511px) 100vw, 511px\" \/><\/figure><\/div>\n\n\n\n<div class=\"wp-block-image\"><figure class=\"aligncenter size-large is-resized\"><img decoding=\"async\" loading=\"lazy\" src=\"https:\/\/isfd810-chu.infd.edu.ar\/sitio\/wp-content\/uploads\/2022\/07\/ingreso-campus-smart-3.jpg\" alt=\"\" class=\"wp-image-2455\" width=\"251\" height=\"405\" srcset=\"https:\/\/isfd810-chu.infd.edu.ar\/sitio\/wp-content\/uploads\/2022\/07\/ingreso-campus-smart-3.jpg 702w, https:\/\/isfd810-chu.infd.edu.ar\/sitio\/wp-content\/uploads\/2022\/07\/ingreso-campus-smart-3-621x1000.jpg 621w\" sizes=\"(max-width: 251px) 100vw, 251px\" \/><\/figure><\/div>\n\n\n\n<p><\/p>\n\n\n\n<p>4. Una vez dentro de la app, en la esquina superior derecha, hay un icono de tres puntos que sirve para&nbsp;activar o desactivar las notificaciones.<\/p>\n","protected":false},"excerpt":{"rendered":"<p>C\u00f3mo comenzar en pocos pasos Descarg\u00e1 la aplicaci\u00f3n \u201cEducativa Mobile\u201d busc\u00e1ndola en Google play (Android) \/ App Store (iOS) o mediante los siguientes c\u00f3digos QR 2. Dentro de la app ingres\u00e1 los siguientes datos 3. Tambi\u00e9n pod\u00e9s iniciar sesi\u00f3n en la app escaneando el c\u00f3digo QR desde tu sesi\u00f3n abierta en una computadora 4. Una &#8230; <a title=\"CAMPUS VIRTUAL en TU TEL\u00c9FONO\" class=\"read-more\" href=\"https:\/\/isfd810-chu.infd.edu.ar\/sitio\/campus-virtual-en-tu-telefono\/\" aria-label=\"More on CAMPUS VIRTUAL en TU TEL\u00c9FONO\">[+]<\/a><\/p>\n","protected":false},"author":1283,"featured_media":0,"parent":0,"menu_order":0,"comment_status":"closed","ping_status":"closed","template":"","meta":[],"acf":[],"_links":{"self":[{"href":"https:\/\/isfd810-chu.infd.edu.ar\/sitio\/wp-json\/wp\/v2\/pages\/2458"}],"collection":[{"href":"https:\/\/isfd810-chu.infd.edu.ar\/sitio\/wp-json\/wp\/v2\/pages"}],"about":[{"href":"https:\/\/isfd810-chu.infd.edu.ar\/sitio\/wp-json\/wp\/v2\/types\/page"}],"author":[{"embeddable":true,"href":"https:\/\/isfd810-chu.infd.edu.ar\/sitio\/wp-json\/wp\/v2\/users\/1283"}],"replies":[{"embeddable":true,"href":"https:\/\/isfd810-chu.infd.edu.ar\/sitio\/wp-json\/wp\/v2\/comments?post=2458"}],"version-history":[{"count":1,"href":"https:\/\/isfd810-chu.infd.edu.ar\/sitio\/wp-json\/wp\/v2\/pages\/2458\/revisions"}],"predecessor-version":[{"id":2459,"href":"https:\/\/isfd810-chu.infd.edu.ar\/sitio\/wp-json\/wp\/v2\/pages\/2458\/revisions\/2459"}],"wp:attachment":[{"href":"https:\/\/isfd810-chu.infd.edu.ar\/sitio\/wp-json\/wp\/v2\/media?parent=2458"}],"curies":[{"name":"wp","href":"https:\/\/api.w.org\/{rel}","templated":true}]}}