{"id":3232,"date":"2024-10-23T13:07:38","date_gmt":"2024-10-23T16:07:38","guid":{"rendered":"https:\/\/isfd810-chu.infd.edu.ar\/sitio\/?page_id=3232"},"modified":"2025-11-06T10:15:21","modified_gmt":"2025-11-06T13:15:21","slug":"tecnicatura-superior-en-psicomotricidad","status":"publish","type":"page","link":"https:\/\/isfd810-chu.infd.edu.ar\/sitio\/tecnicatura-superior-en-psicomotricidad\/","title":{"rendered":"Tecnicatura en Psicomotricidad"},"content":{"rendered":"\n<p><strong>TECNICATURA SUPERIOR EN PSICOMOTRICIDAD<\/strong><\/p>\n\n\n\n<ul>\n<li>T\u00edtulo a otorgar: T\u00e9cnico\/a Superior en Psicomotricidad<\/li>\n\n\n\n<li>Duraci\u00f3n de la carrera: 3 (tres) a\u00f1os<\/li>\n\n\n\n<li>Modalidad: Presencial<\/li>\n\n\n\n<li>Horario de cursada: Turno vespertino<\/li>\n<\/ul>\n\n\n\n<p>&nbsp;&nbsp;&nbsp;&nbsp;&nbsp;&nbsp;&nbsp; La Psicomotricidad se propone favorecer y estimular el desarrollo psicomotor, entendiendo por tal, el desarrollo arm\u00f3nico de la expresi\u00f3n postural, motriz y gestual. Para lograr estos fines, la Psicomotricidad utiliza recursos y acciones educativo-preventivas o terap\u00e9uticas, partiendo de una concepci\u00f3n global de la persona. Asimismo, asume la interrelaci\u00f3n entre el cuerpo y el psiquismo, teniendo en cuenta que, en el primero, tienen asiento las emociones, sensaciones, afectos, conocimientos, acciones y expresiones.&nbsp;<\/p>\n\n\n\n<p>A partir de estos supuestos se constituye la pr\u00e1ctica de la Psicomotricidad cuyo modo de intervenci\u00f3n tiende a favorecer el accionar de la persona mediante la resoluci\u00f3n de las demandas propias y de los dem\u00e1s. El acento de la Psicomotricidad est\u00e1 puesto en \u201cel hacer transformador del sujeto\u201d.&nbsp;<\/p>\n\n\n\n<p><strong>Perfil profesional\u00a0<\/strong>&#8211; <strong>Alcances del T\u00edtulo de T\u00e9cnico en Psicomotricidad <\/strong><\/p>\n\n\n\n<ul>\n<li>Realizar \u2013en forma individual y\/o grupal- actividades con el objetivo de favorecer un desarrollo psicomotor saludable a lo largo de los diferentes ciclos vitales.<\/li>\n\n\n\n<li>Promover en el \u00e1mbito educativo acciones y\/o actividades que incluyan al cuerpo y el despliegue psicomotor de los actores implicados en el proceso de ense\u00f1anza aprendizaje.<\/li>\n\n\n\n<li>Participar en el dise\u00f1o y la ejecuci\u00f3n de actividades socio-comunitarias en torno a la promoci\u00f3n y\/o prevenci\u00f3n de los trastornos del desarrollo y psicomotores.<\/li>\n\n\n\n<li>Participar en equipos interdisciplinarios en los \u00e1mbitos educativo y sociocomunitario aportando la especificidad de la disciplina.<\/li>\n\n\n\n<li>Participar, bajo supervisi\u00f3n de un Licenciado en Psicomotricidad en equipos interdisciplinarios, aportando la especificidad de la disciplina tanto en el \u00e1mbito de la salud, de la educaci\u00f3n y del campo socio-comunitario<\/li>\n<\/ul>\n","protected":false},"excerpt":{"rendered":"<p>TECNICATURA SUPERIOR EN PSICOMOTRICIDAD &nbsp;&nbsp;&nbsp;&nbsp;&nbsp;&nbsp;&nbsp; La Psicomotricidad se propone favorecer y estimular el desarrollo psicomotor, entendiendo por tal, el desarrollo arm\u00f3nico de la expresi\u00f3n postural, motriz y gestual. Para lograr estos fines, la Psicomotricidad utiliza recursos y acciones educativo-preventivas o terap\u00e9uticas, partiendo de una concepci\u00f3n global de la persona. Asimismo, asume la interrelaci\u00f3n entre el &#8230; <a title=\"Tecnicatura en Psicomotricidad\" class=\"read-more\" href=\"https:\/\/isfd810-chu.infd.edu.ar\/sitio\/tecnicatura-superior-en-psicomotricidad\/\" aria-label=\"More on Tecnicatura en Psicomotricidad\">[+]<\/a><\/p>\n","protected":false},"author":1283,"featured_media":0,"parent":0,"menu_order":0,"comment_status":"closed","ping_status":"closed","template":"","meta":[],"acf":[],"_links":{"self":[{"href":"https:\/\/isfd810-chu.infd.edu.ar\/sitio\/wp-json\/wp\/v2\/pages\/3232"}],"collection":[{"href":"https:\/\/isfd810-chu.infd.edu.ar\/sitio\/wp-json\/wp\/v2\/pages"}],"about":[{"href":"https:\/\/isfd810-chu.infd.edu.ar\/sitio\/wp-json\/wp\/v2\/types\/page"}],"author":[{"embeddable":true,"href":"https:\/\/isfd810-chu.infd.edu.ar\/sitio\/wp-json\/wp\/v2\/users\/1283"}],"replies":[{"embeddable":true,"href":"https:\/\/isfd810-chu.infd.edu.ar\/sitio\/wp-json\/wp\/v2\/comments?post=3232"}],"version-history":[{"count":7,"href":"https:\/\/isfd810-chu.infd.edu.ar\/sitio\/wp-json\/wp\/v2\/pages\/3232\/revisions"}],"predecessor-version":[{"id":3745,"href":"https:\/\/isfd810-chu.infd.edu.ar\/sitio\/wp-json\/wp\/v2\/pages\/3232\/revisions\/3745"}],"wp:attachment":[{"href":"https:\/\/isfd810-chu.infd.edu.ar\/sitio\/wp-json\/wp\/v2\/media?parent=3232"}],"curies":[{"name":"wp","href":"https:\/\/api.w.org\/{rel}","templated":true}]}}