{"id":3511,"date":"2025-04-01T13:56:27","date_gmt":"2025-04-01T16:56:27","guid":{"rendered":"https:\/\/isfd810-chu.infd.edu.ar\/sitio\/?page_id=3511"},"modified":"2025-04-01T14:14:52","modified_gmt":"2025-04-01T17:14:52","slug":"horarios-5","status":"publish","type":"page","link":"https:\/\/isfd810-chu.infd.edu.ar\/sitio\/horarios-5\/","title":{"rendered":"Horarios"},"content":{"rendered":"\n<p>Horarios 1\u00b0 cuatrimestre 2025<\/p>\n\n\n\n<figure class=\"wp-block-table\"><table><tbody><tr><td>LUNES<\/td><td>MARTES<\/td><td>MIERCOLES<\/td><td>JUEVES<\/td><td>VIERNES<\/td><\/tr><tr><td>18 a 20 hs &nbsp; <strong>Introducci\u00f3n a la Sociolog\u00eda del Deporte<\/strong> &nbsp; Prof. OTERMI Emilse &nbsp;<\/td><td>18 a 20 hs &nbsp; <strong>Desarrollo de las Capacidades Motrices<\/strong> &nbsp; Prof. TANQU\u00cdA Andrea<\/td><td>18 a 20 hs &nbsp; <strong>Deportes con Pelota<\/strong> &nbsp; &nbsp; Prof. VILLAGR\u00c1N Laura<\/td><td>18 a 20 hs &nbsp; <strong>Psicolog\u00eda Social<\/strong> &nbsp; Prof. ERGAS Marcela &nbsp;<\/td><td>18 A 20 HS &nbsp; <strong>Recreaci\u00f3n, Din\u00e1mica de Grupo y Liderazgo<\/strong> &nbsp; Prof. VIVOT Juan &nbsp;<\/td><\/tr><tr><td>&nbsp;20 A 22:40 hs &nbsp; <strong>&nbsp;<\/strong> <strong>Actividad F\u00edsica para Ni\u00f1os, J\u00f3venes y Adultos<\/strong> &nbsp; Prof. VIVOT Juan &nbsp;<\/td><td>20 a 22 hs &nbsp; <strong>Recreaci\u00f3n, Din\u00e1mica de Grupo y Liderazgo<\/strong> &nbsp; Prof. VIVOT Juan &nbsp;<\/td><td>20 a 21:20 hs &nbsp; <strong>Introducci\u00f3n a la Sociolog\u00eda del Deporte<\/strong> <strong>&nbsp;<\/strong> Prof. OTERMI Emilse &nbsp;<\/td><td>20 a 21:20 hs &nbsp; <strong>Desarrollo de las Capacidades Motrices<\/strong> &nbsp; Prof. TANQU\u00cdA Andrea<\/td><td>20 A 22 HS &nbsp; <strong>Deportes con Pelota<\/strong> &nbsp; &nbsp; Prof. VILLAGR\u00c1N Laura<\/td><\/tr><tr><td>&nbsp; &nbsp;<\/td><td>&nbsp; &nbsp;<\/td><td>21:20 a 22:40 hs &nbsp; <strong>Psicolog\u00eda Social<\/strong> &nbsp; Prof. ERGAS Marcela<\/td><td>21:20 a 22:40 hs &nbsp; <strong>Actividad F\u00edsica para Ni\u00f1os, J\u00f3venes y Adultos<\/strong> &nbsp; Prof. VIVOT Juan<\/td><td>&nbsp;<\/td><\/tr><\/tbody><\/table><\/figure>\n","protected":false},"excerpt":{"rendered":"<p>Horarios 1\u00b0 cuatrimestre 2025 LUNES MARTES MIERCOLES JUEVES VIERNES 18 a 20 hs &nbsp; Introducci\u00f3n a la Sociolog\u00eda del Deporte &nbsp; Prof. OTERMI Emilse &nbsp; 18 a 20 hs &nbsp; Desarrollo de las Capacidades Motrices &nbsp; Prof. TANQU\u00cdA Andrea 18 a 20 hs &nbsp; Deportes con Pelota &nbsp; &nbsp; Prof. VILLAGR\u00c1N Laura 18 a 20 &#8230; <a title=\"Horarios\" class=\"read-more\" href=\"https:\/\/isfd810-chu.infd.edu.ar\/sitio\/horarios-5\/\" aria-label=\"More on Horarios\">[+]<\/a><\/p>\n","protected":false},"author":1283,"featured_media":0,"parent":0,"menu_order":0,"comment_status":"closed","ping_status":"closed","template":"","meta":[],"acf":[],"_links":{"self":[{"href":"https:\/\/isfd810-chu.infd.edu.ar\/sitio\/wp-json\/wp\/v2\/pages\/3511"}],"collection":[{"href":"https:\/\/isfd810-chu.infd.edu.ar\/sitio\/wp-json\/wp\/v2\/pages"}],"about":[{"href":"https:\/\/isfd810-chu.infd.edu.ar\/sitio\/wp-json\/wp\/v2\/types\/page"}],"author":[{"embeddable":true,"href":"https:\/\/isfd810-chu.infd.edu.ar\/sitio\/wp-json\/wp\/v2\/users\/1283"}],"replies":[{"embeddable":true,"href":"https:\/\/isfd810-chu.infd.edu.ar\/sitio\/wp-json\/wp\/v2\/comments?post=3511"}],"version-history":[{"count":4,"href":"https:\/\/isfd810-chu.infd.edu.ar\/sitio\/wp-json\/wp\/v2\/pages\/3511\/revisions"}],"predecessor-version":[{"id":3524,"href":"https:\/\/isfd810-chu.infd.edu.ar\/sitio\/wp-json\/wp\/v2\/pages\/3511\/revisions\/3524"}],"wp:attachment":[{"href":"https:\/\/isfd810-chu.infd.edu.ar\/sitio\/wp-json\/wp\/v2\/media?parent=3511"}],"curies":[{"name":"wp","href":"https:\/\/api.w.org\/{rel}","templated":true}]}}